{"id":35895,"date":"2024-10-28T10:05:45","date_gmt":"2024-10-28T09:05:45","guid":{"rendered":"https:\/\/www.ct-chemie.ch\/?post_type=product&#038;p=35895"},"modified":"2025-02-25T13:20:10","modified_gmt":"2025-02-25T12:20:10","slug":"bellinzoni-epox-premium-solide-kopie","status":"publish","type":"product","link":"https:\/\/www.ct-chemie.ch\/fr\/produit\/bellinzoni-epox-premium-solide-kopie\/","title":{"rendered":"Bellinzoni StonEpoxy"},"content":{"rendered":"<p class=\"p1\">Adh\u00e9sif bi-composant p\u00e2teux, tr\u00e8s r\u00e9sistant \u00e0 base de r\u00e9sine \u00e9poxy pour collage en int\u00e9rieur et en ext\u00e9rieur. Convient pour la pierre naturelle et artificielle, la c\u00e9ramique, les \u00e9l\u00e9ments en b\u00e9ton ainsi que pour le collage et le renforcement structurel.<\/p>\n<p>Pi\u00e8ce \u00e0: 2,5 kg (1,25 kg Comp. A + 1,25 kg Comp. B).<br \/>\nCarton \u00e0: 4 pce<\/p>\n","protected":false},"excerpt":{"rendered":"<p>Adh\u00e9sif bi-composant p\u00e2teux, tr\u00e8s r\u00e9sistant \u00e0 base de r\u00e9sine \u00e9poxy<\/p>\n","protected":false},"featured_media":35899,"comment_status":"closed","ping_status":"closed","template":"","meta":{"_acf_changed":false},"product_cat":[139],"product_tag":[],"class_list":{"0":"post-35895","1":"product","2":"type-product","3":"status-publish","4":"has-post-thumbnail","6":"product_cat-epoxyde-categorie","8":"first","9":"instock","10":"taxable","11":"shipping-taxable","12":"purchasable","13":"product-type-simple"},"acf":[],"_links":{"self":[{"href":"https:\/\/www.ct-chemie.ch\/fr\/wp-json\/wp\/v2\/product\/35895","targetHints":{"allow":["GET"]}}],"collection":[{"href":"https:\/\/www.ct-chemie.ch\/fr\/wp-json\/wp\/v2\/product"}],"about":[{"href":"https:\/\/www.ct-chemie.ch\/fr\/wp-json\/wp\/v2\/types\/product"}],"replies":[{"embeddable":true,"href":"https:\/\/www.ct-chemie.ch\/fr\/wp-json\/wp\/v2\/comments?post=35895"}],"wp:featuredmedia":[{"embeddable":true,"href":"https:\/\/www.ct-chemie.ch\/fr\/wp-json\/wp\/v2\/media\/35899"}],"wp:attachment":[{"href":"https:\/\/www.ct-chemie.ch\/fr\/wp-json\/wp\/v2\/media?parent=35895"}],"wp:term":[{"taxonomy":"product_cat","embeddable":true,"href":"https:\/\/www.ct-chemie.ch\/fr\/wp-json\/wp\/v2\/product_cat?post=35895"},{"taxonomy":"product_tag","embeddable":true,"href":"https:\/\/www.ct-chemie.ch\/fr\/wp-json\/wp\/v2\/product_tag?post=35895"}],"curies":[{"name":"wp","href":"https:\/\/api.w.org\/{rel}","templated":true}]}}