{"id":3665,"date":"2015-06-19T06:03:28","date_gmt":"2015-06-19T04:03:28","guid":{"rendered":"http:\/\/ct-chemie.ch\/?product=cetecryl-standard-2"},"modified":"2026-01-20T13:06:08","modified_gmt":"2026-01-20T12:06:08","slug":"cetecryl-standard","status":"publish","type":"product","link":"https:\/\/www.ct-chemie.ch\/fr\/produit\/cetecryl-standard\/","title":{"rendered":"CeTeCryl Classic"},"content":{"rendered":"<p class=\"p1\"><i>Substance de calfeutrage bas\u00e9e sur la dispersion acrylique pour des jointures de raccordement \u00e0 l\u2018int\u00e9rieur et \u00e0 l\u2018ext\u00e9rieur. Recouvrable <\/i><i>avec la plupart des syst\u00e8mes de peinture. R\u00e9sistant aux intemp\u00e9ries et de vieillissement. 7,5% adaptation au mouvement.<\/i><\/p>\n<p>R\u00e9sistance \u00e0 la temp\u00e9rature: -20\u00ba C \u2013 +75\u00ba C<\/p>\n<p>Certification: ECO Base.<\/p>\n<p>Cartouche \u00e0: 310 ml<br \/>\nCarton \u00e0: 12 pce<\/p>\n","protected":false},"excerpt":{"rendered":"<p>Substance de calfeutrage bas\u00e9e sur la dispersion acrylique.<\/p>\n","protected":false},"featured_media":34904,"comment_status":"closed","ping_status":"closed","template":"","meta":{"_acf_changed":false},"product_cat":[1380],"product_tag":[],"class_list":{"0":"post-3665","1":"product","2":"type-product","3":"status-publish","4":"has-post-thumbnail","6":"product_cat-mastics-categorie-fr","8":"first","9":"instock","10":"taxable","11":"shipping-taxable","12":"purchasable","13":"product-type-variable"},"acf":[],"_links":{"self":[{"href":"https:\/\/www.ct-chemie.ch\/fr\/wp-json\/wp\/v2\/product\/3665","targetHints":{"allow":["GET"]}}],"collection":[{"href":"https:\/\/www.ct-chemie.ch\/fr\/wp-json\/wp\/v2\/product"}],"about":[{"href":"https:\/\/www.ct-chemie.ch\/fr\/wp-json\/wp\/v2\/types\/product"}],"replies":[{"embeddable":true,"href":"https:\/\/www.ct-chemie.ch\/fr\/wp-json\/wp\/v2\/comments?post=3665"}],"wp:featuredmedia":[{"embeddable":true,"href":"https:\/\/www.ct-chemie.ch\/fr\/wp-json\/wp\/v2\/media\/34904"}],"wp:attachment":[{"href":"https:\/\/www.ct-chemie.ch\/fr\/wp-json\/wp\/v2\/media?parent=3665"}],"wp:term":[{"taxonomy":"product_cat","embeddable":true,"href":"https:\/\/www.ct-chemie.ch\/fr\/wp-json\/wp\/v2\/product_cat?post=3665"},{"taxonomy":"product_tag","embeddable":true,"href":"https:\/\/www.ct-chemie.ch\/fr\/wp-json\/wp\/v2\/product_tag?post=3665"}],"curies":[{"name":"wp","href":"https:\/\/api.w.org\/{rel}","templated":true}]}}