{"id":3679,"date":"2015-06-19T06:14:59","date_gmt":"2015-06-19T06:14:59","guid":{"rendered":"http:\/\/ct-chemie.ch\/?product=cetecryl-structo-2"},"modified":"2026-01-20T14:35:28","modified_gmt":"2026-01-20T13:35:28","slug":"cetecryl-structo","status":"publish","type":"product","link":"https:\/\/www.ct-chemie.ch\/fr\/produit\/cetecryl-structo\/","title":{"rendered":"CeTeCryl Structo"},"content":{"rendered":"<p class=\"p1\"><i>Substance de calfeutrage bas\u00e9e sur la dispersion acrylique avec structure de cr\u00e9pi pour des jointures de raccordement. Comble <\/i><i>des fissures, \u00e0 l\u2018int\u00e9rieur et \u00e0 l\u2018ext\u00e9rieur. Recouvrable avec la plupart des syst\u00e8mes de peinture. R\u00e9sistant aux intemp\u00e9ries et de <\/i><i>vieillissement. 7,5% adaptation au mouvement.<\/i><\/p>\n<p>R\u00e9sistance \u00e0 la temp\u00e9rature: -20\u00ba C \u2013 +75\u00ba C<br \/>\nCouleur: blanc<\/p>\n<p>Certification: ECO Base.<\/p>\n<p>Cartouche \u00e0: 310 ml<br \/>\nCarton \u00e0: 12 pce<\/p>\n","protected":false},"excerpt":{"rendered":"<p>Substance de calfeutrage bas\u00e9e sur la dispersion acrylique avec structure de cr\u00e9pi.<\/p>\n","protected":false},"featured_media":34915,"comment_status":"closed","ping_status":"closed","template":"","meta":{"_acf_changed":false},"product_cat":[1380,1592],"product_tag":[],"class_list":{"0":"post-3679","1":"product","2":"type-product","3":"status-publish","4":"has-post-thumbnail","6":"product_cat-mastics-categorie-fr","7":"product_cat-privat","9":"first","10":"instock","11":"taxable","12":"shipping-taxable","13":"purchasable","14":"product-type-variable"},"acf":[],"_links":{"self":[{"href":"https:\/\/www.ct-chemie.ch\/fr\/wp-json\/wp\/v2\/product\/3679","targetHints":{"allow":["GET"]}}],"collection":[{"href":"https:\/\/www.ct-chemie.ch\/fr\/wp-json\/wp\/v2\/product"}],"about":[{"href":"https:\/\/www.ct-chemie.ch\/fr\/wp-json\/wp\/v2\/types\/product"}],"replies":[{"embeddable":true,"href":"https:\/\/www.ct-chemie.ch\/fr\/wp-json\/wp\/v2\/comments?post=3679"}],"wp:featuredmedia":[{"embeddable":true,"href":"https:\/\/www.ct-chemie.ch\/fr\/wp-json\/wp\/v2\/media\/34915"}],"wp:attachment":[{"href":"https:\/\/www.ct-chemie.ch\/fr\/wp-json\/wp\/v2\/media?parent=3679"}],"wp:term":[{"taxonomy":"product_cat","embeddable":true,"href":"https:\/\/www.ct-chemie.ch\/fr\/wp-json\/wp\/v2\/product_cat?post=3679"},{"taxonomy":"product_tag","embeddable":true,"href":"https:\/\/www.ct-chemie.ch\/fr\/wp-json\/wp\/v2\/product_tag?post=3679"}],"curies":[{"name":"wp","href":"https:\/\/api.w.org\/{rel}","templated":true}]}}