{"id":3691,"date":"2015-06-19T06:30:32","date_gmt":"2015-06-19T04:30:32","guid":{"rendered":"http:\/\/ct-chemie.ch\/?product=cetecryl-filler-2"},"modified":"2026-01-20T14:37:58","modified_gmt":"2026-01-20T13:37:58","slug":"cetecryl-filler","status":"publish","type":"product","link":"https:\/\/www.ct-chemie.ch\/fr\/produit\/cetecryl-filler\/","title":{"rendered":"CeTeCryl Filler"},"content":{"rendered":"<p>Substance de remplissage tr\u00e8s l\u00e9g\u00e8re, \u00e0 base de dispersion, pr\u00eate \u00e0 l\u2018emploi, presque sans pertes de volume, pour des fissures et des trous. Tr\u00e8s facile et rapide \u00e0 traiter. Durcissement rapide. Recouvrable apr\u00e8s 10\u201320 minutes avec de couleur \u00e0 dispersion. Pon\u00e7able apr\u00e8s le durcissement. Seulement pour l\u2019int\u00e9rieure.<\/p>\n<p class=\"p1\">R\u00e9sistance \u00e0 la temp\u00e9rature: -20\u00b0 C \u2013 +75\u00b0 C<i><br \/>\n<\/i>Couleur: blanc<\/p>\n<p>Cartouche \u00e0: 310 ml<br \/>\nCarton \u00e0: 12 pce<\/p>\n","protected":false},"excerpt":{"rendered":"<p>Substance de remplissage tr\u00e8s l\u00e9ger, \u00e0 base de dispersion.<\/p>\n","protected":false},"featured_media":34918,"comment_status":"closed","ping_status":"closed","template":"","meta":{"_acf_changed":false},"product_cat":[1380],"product_tag":[],"class_list":{"0":"post-3691","1":"product","2":"type-product","3":"status-publish","4":"has-post-thumbnail","6":"product_cat-mastics-categorie-fr","8":"first","9":"instock","10":"taxable","11":"shipping-taxable","12":"purchasable","13":"product-type-variable"},"acf":[],"_links":{"self":[{"href":"https:\/\/www.ct-chemie.ch\/fr\/wp-json\/wp\/v2\/product\/3691","targetHints":{"allow":["GET"]}}],"collection":[{"href":"https:\/\/www.ct-chemie.ch\/fr\/wp-json\/wp\/v2\/product"}],"about":[{"href":"https:\/\/www.ct-chemie.ch\/fr\/wp-json\/wp\/v2\/types\/product"}],"replies":[{"embeddable":true,"href":"https:\/\/www.ct-chemie.ch\/fr\/wp-json\/wp\/v2\/comments?post=3691"}],"wp:featuredmedia":[{"embeddable":true,"href":"https:\/\/www.ct-chemie.ch\/fr\/wp-json\/wp\/v2\/media\/34918"}],"wp:attachment":[{"href":"https:\/\/www.ct-chemie.ch\/fr\/wp-json\/wp\/v2\/media?parent=3691"}],"wp:term":[{"taxonomy":"product_cat","embeddable":true,"href":"https:\/\/www.ct-chemie.ch\/fr\/wp-json\/wp\/v2\/product_cat?post=3691"},{"taxonomy":"product_tag","embeddable":true,"href":"https:\/\/www.ct-chemie.ch\/fr\/wp-json\/wp\/v2\/product_tag?post=3691"}],"curies":[{"name":"wp","href":"https:\/\/api.w.org\/{rel}","templated":true}]}}