{"id":3711,"date":"2015-06-19T08:44:57","date_gmt":"2015-06-19T06:44:57","guid":{"rendered":"http:\/\/ct-chemie.ch\/?product=ceteflex-ms-60-2"},"modified":"2026-01-20T14:16:34","modified_gmt":"2026-01-20T13:16:34","slug":"ceteflex-ms-60","status":"publish","type":"product","link":"https:\/\/www.ct-chemie.ch\/fr\/produit\/ceteflex-ms-60\/","title":{"rendered":"CeTeFlex MS 60"},"content":{"rendered":"<p class=\"p1\"><i>Adh\u00e9sif et mat\u00e9riau d\u2018\u00e9tanch\u00e9it\u00e9 mono-composant (MS polym\u00e8res), pour coller le bois, m\u00e9tal, PVC-dur, c\u00e9ramique, pierres naturelles <\/i><i>et artificielles, miroir, panneaux, etc. ainsi comme mat\u00e9riau d\u2018\u00e9tanch\u00e9it\u00e9 pour joints de sols carrossables. Recouvrable, r\u00e9sistant aux <\/i><i>charges UV et aux intemp\u00e9ries, exempte de silicone, d\u2019isocyanate, de plastifiant et de solvant. Adaptation au mouvement: 20%.<\/i><\/p>\n<p>R\u00e9sistance \u00e0 la temp\u00e9rature -40\u00b0 C \u2013 +120\u00b0 C.<\/p>\n<p>Certification: EC1 Plus<\/p>\n<p>Cartouche \u00e0: 290 ml<br \/>\nCarton \u00e0: 12 pce<\/p>\n","protected":false},"excerpt":{"rendered":"<p>Colle et mat\u00e9riau d\u2018\u00e9tanch\u00e9it\u00e9 d\u2018un seul composant bas\u00e9 sur des MS polym\u00e8res.<\/p>\n","protected":false},"featured_media":34898,"comment_status":"closed","ping_status":"closed","template":"","meta":{"_acf_changed":false},"product_cat":[151],"product_tag":[],"class_list":{"0":"post-3711","1":"product","2":"type-product","3":"status-publish","4":"has-post-thumbnail","6":"product_cat-colles-categorie","8":"first","9":"instock","10":"taxable","11":"shipping-taxable","12":"purchasable","13":"product-type-variable"},"acf":[],"_links":{"self":[{"href":"https:\/\/www.ct-chemie.ch\/fr\/wp-json\/wp\/v2\/product\/3711","targetHints":{"allow":["GET"]}}],"collection":[{"href":"https:\/\/www.ct-chemie.ch\/fr\/wp-json\/wp\/v2\/product"}],"about":[{"href":"https:\/\/www.ct-chemie.ch\/fr\/wp-json\/wp\/v2\/types\/product"}],"replies":[{"embeddable":true,"href":"https:\/\/www.ct-chemie.ch\/fr\/wp-json\/wp\/v2\/comments?post=3711"}],"wp:featuredmedia":[{"embeddable":true,"href":"https:\/\/www.ct-chemie.ch\/fr\/wp-json\/wp\/v2\/media\/34898"}],"wp:attachment":[{"href":"https:\/\/www.ct-chemie.ch\/fr\/wp-json\/wp\/v2\/media?parent=3711"}],"wp:term":[{"taxonomy":"product_cat","embeddable":true,"href":"https:\/\/www.ct-chemie.ch\/fr\/wp-json\/wp\/v2\/product_cat?post=3711"},{"taxonomy":"product_tag","embeddable":true,"href":"https:\/\/www.ct-chemie.ch\/fr\/wp-json\/wp\/v2\/product_tag?post=3711"}],"curies":[{"name":"wp","href":"https:\/\/api.w.org\/{rel}","templated":true}]}}