{"id":3723,"date":"2015-06-19T09:00:33","date_gmt":"2015-06-19T07:00:33","guid":{"rendered":"http:\/\/ct-chemie.ch\/?product=ceteflex-ms-100-2"},"modified":"2026-01-20T14:48:29","modified_gmt":"2026-01-20T13:48:29","slug":"ceteflex-ms-100","status":"publish","type":"product","link":"https:\/\/www.ct-chemie.ch\/fr\/produit\/ceteflex-ms-100\/","title":{"rendered":"CeTeFlex MS 100"},"content":{"rendered":"<p>Adh\u00e9sif mono-composant sur la base des MS polym\u00e8res avec une forte adh\u00e9rence de d\u00e9part pour coller le bois, m\u00e9tal, PVC-dur, c\u00e9ramique, pierres naturelles et artificielles miroir, panneaux etc. Recouvrable, r\u00e9sistant aux charges UV et aux intemp\u00e9ries, exempte de silicone, d\u2019isocyanate, de plastifiant et de solvant.<\/p>\n<p>R\u00e9sistance \u00e0 la temp\u00e9rature -40\u00b0 C \u2013 +90\u00b0 C.<\/p>\n<p>Certification: ECO Base.<\/p>\n<p>Couleur: blanc<\/p>\n<p>Cartouche \u00e0: 290 ml<br \/>\nCarton \u00e0: 12 pce<\/p>\n","protected":false},"excerpt":{"rendered":"<p>Adh\u00e9sif mono-composant sur la base des MS polym\u00e8res avec une forte adh\u00e9rence<\/p>\n","protected":false},"featured_media":34901,"comment_status":"closed","ping_status":"closed","template":"","meta":{"_acf_changed":false},"product_cat":[151],"product_tag":[],"class_list":{"0":"post-3723","1":"product","2":"type-product","3":"status-publish","4":"has-post-thumbnail","6":"product_cat-colles-categorie","8":"first","9":"instock","10":"taxable","11":"shipping-taxable","12":"purchasable","13":"product-type-variable"},"acf":[],"_links":{"self":[{"href":"https:\/\/www.ct-chemie.ch\/fr\/wp-json\/wp\/v2\/product\/3723","targetHints":{"allow":["GET"]}}],"collection":[{"href":"https:\/\/www.ct-chemie.ch\/fr\/wp-json\/wp\/v2\/product"}],"about":[{"href":"https:\/\/www.ct-chemie.ch\/fr\/wp-json\/wp\/v2\/types\/product"}],"replies":[{"embeddable":true,"href":"https:\/\/www.ct-chemie.ch\/fr\/wp-json\/wp\/v2\/comments?post=3723"}],"wp:featuredmedia":[{"embeddable":true,"href":"https:\/\/www.ct-chemie.ch\/fr\/wp-json\/wp\/v2\/media\/34901"}],"wp:attachment":[{"href":"https:\/\/www.ct-chemie.ch\/fr\/wp-json\/wp\/v2\/media?parent=3723"}],"wp:term":[{"taxonomy":"product_cat","embeddable":true,"href":"https:\/\/www.ct-chemie.ch\/fr\/wp-json\/wp\/v2\/product_cat?post=3723"},{"taxonomy":"product_tag","embeddable":true,"href":"https:\/\/www.ct-chemie.ch\/fr\/wp-json\/wp\/v2\/product_tag?post=3723"}],"curies":[{"name":"wp","href":"https:\/\/api.w.org\/{rel}","templated":true}]}}