{"id":3752,"date":"2015-06-19T09:45:36","date_gmt":"2015-06-19T09:45:36","guid":{"rendered":"http:\/\/ct-chemie.ch\/?product=cete-cynac-ve-01-2"},"modified":"2024-12-09T10:47:33","modified_gmt":"2024-12-09T09:47:33","slug":"cete-cynac-ve-01","status":"publish","type":"product","link":"https:\/\/www.ct-chemie.ch\/fr\/produit\/cete-cynac-ve-01\/","title":{"rendered":"CeTe Cynac VE 01"},"content":{"rendered":"<p class=\"p1\"><i>Colle secondes tr\u00e8s fluide, durcit tr\u00e8s rapidement, destin\u00e9 \u00e0 calfater et coller des surfaces poreuses et lisses, \u00e9galement du caoutchouc <\/i><i>et du bois Balsa.<\/i><\/p>\n<p>R\u00e9sistance \u00e0 la temp\u00e9rature: -60\u00b0 C \u2013 +80\u00b0 C<\/p>\n<p>Pi\u00e8ce \u00e0: 20 g<\/p>\n","protected":false},"excerpt":{"rendered":"<p>Substance adh\u00e9sive tr\u00e8s fluide, durcit tr\u00e8s rapidement.<\/p>\n","protected":false},"featured_media":29313,"comment_status":"closed","ping_status":"closed","template":"","meta":{"_acf_changed":false},"product_cat":[151],"product_tag":[],"class_list":{"0":"post-3752","1":"product","2":"type-product","3":"status-publish","4":"has-post-thumbnail","6":"product_cat-colles-categorie","8":"first","9":"instock","10":"taxable","11":"shipping-taxable","12":"purchasable","13":"product-type-simple"},"acf":[],"_links":{"self":[{"href":"https:\/\/www.ct-chemie.ch\/fr\/wp-json\/wp\/v2\/product\/3752","targetHints":{"allow":["GET"]}}],"collection":[{"href":"https:\/\/www.ct-chemie.ch\/fr\/wp-json\/wp\/v2\/product"}],"about":[{"href":"https:\/\/www.ct-chemie.ch\/fr\/wp-json\/wp\/v2\/types\/product"}],"replies":[{"embeddable":true,"href":"https:\/\/www.ct-chemie.ch\/fr\/wp-json\/wp\/v2\/comments?post=3752"}],"wp:featuredmedia":[{"embeddable":true,"href":"https:\/\/www.ct-chemie.ch\/fr\/wp-json\/wp\/v2\/media\/29313"}],"wp:attachment":[{"href":"https:\/\/www.ct-chemie.ch\/fr\/wp-json\/wp\/v2\/media?parent=3752"}],"wp:term":[{"taxonomy":"product_cat","embeddable":true,"href":"https:\/\/www.ct-chemie.ch\/fr\/wp-json\/wp\/v2\/product_cat?post=3752"},{"taxonomy":"product_tag","embeddable":true,"href":"https:\/\/www.ct-chemie.ch\/fr\/wp-json\/wp\/v2\/product_tag?post=3752"}],"curies":[{"name":"wp","href":"https:\/\/api.w.org\/{rel}","templated":true}]}}