{"id":3755,"date":"2015-06-19T12:29:12","date_gmt":"2015-06-19T10:29:12","guid":{"rendered":"http:\/\/ct-chemie.ch\/?product=cete-cynac-ve-04-2"},"modified":"2024-12-09T10:44:35","modified_gmt":"2024-12-09T09:44:35","slug":"cete-cynac-ve-04","status":"publish","type":"product","link":"https:\/\/www.ct-chemie.ch\/fr\/produit\/cete-cynac-ve-04\/","title":{"rendered":"CeTe Cynac VE 04"},"content":{"rendered":"<p class=\"p1\"><i>Colle secondes, durcit tr\u00e8s rapidement, \u00e9pais, pour coller des objets pr\u00e9sentant des ouvertures jusqu\u2019\u00e0 0,5 mm. Convient aux pierres <\/i><i>naturelles, bois, cuir etc. et \u00e0 la fixation de filetage en mati\u00e8re plastique.<\/i><\/p>\n<p>R\u00e9sistance \u00e0 la temp\u00e9rature: -60\u00b0 C \u2013 +80\u00b0 C<\/p>\n<p>Conditionnement: 20 g<\/p>\n","protected":false},"excerpt":{"rendered":"<p>Substance adh\u00e9sive, durcit tr\u00e8s rapidement, \u00e9pais.<\/p>\n","protected":false},"featured_media":28360,"comment_status":"closed","ping_status":"closed","template":"","meta":{"_acf_changed":false},"product_cat":[151],"product_tag":[],"class_list":{"0":"post-3755","1":"product","2":"type-product","3":"status-publish","4":"has-post-thumbnail","6":"product_cat-colles-categorie","8":"first","9":"instock","10":"taxable","11":"shipping-taxable","12":"purchasable","13":"product-type-simple"},"acf":[],"_links":{"self":[{"href":"https:\/\/www.ct-chemie.ch\/fr\/wp-json\/wp\/v2\/product\/3755","targetHints":{"allow":["GET"]}}],"collection":[{"href":"https:\/\/www.ct-chemie.ch\/fr\/wp-json\/wp\/v2\/product"}],"about":[{"href":"https:\/\/www.ct-chemie.ch\/fr\/wp-json\/wp\/v2\/types\/product"}],"replies":[{"embeddable":true,"href":"https:\/\/www.ct-chemie.ch\/fr\/wp-json\/wp\/v2\/comments?post=3755"}],"wp:featuredmedia":[{"embeddable":true,"href":"https:\/\/www.ct-chemie.ch\/fr\/wp-json\/wp\/v2\/media\/28360"}],"wp:attachment":[{"href":"https:\/\/www.ct-chemie.ch\/fr\/wp-json\/wp\/v2\/media?parent=3755"}],"wp:term":[{"taxonomy":"product_cat","embeddable":true,"href":"https:\/\/www.ct-chemie.ch\/fr\/wp-json\/wp\/v2\/product_cat?post=3755"},{"taxonomy":"product_tag","embeddable":true,"href":"https:\/\/www.ct-chemie.ch\/fr\/wp-json\/wp\/v2\/product_tag?post=3755"}],"curies":[{"name":"wp","href":"https:\/\/api.w.org\/{rel}","templated":true}]}}