{"id":3773,"date":"2015-06-22T05:09:32","date_gmt":"2015-06-22T03:09:32","guid":{"rendered":"http:\/\/ct-chemie.ch\/?product=primer-300-2"},"modified":"2025-11-25T20:34:05","modified_gmt":"2025-11-25T19:34:05","slug":"primer-300","status":"publish","type":"product","link":"https:\/\/www.ct-chemie.ch\/fr\/produit\/primer-300\/","title":{"rendered":"Primer 300"},"content":{"rendered":"<p>Nettoyant d\u2018adh\u00e9rances pour des mati\u00e8res telles que silicone, hybride, polyur\u00e9thane pour des fonds non absorbants. Ni formant des films. Contient du solvant.<\/p>\n","protected":false},"excerpt":{"rendered":"<p>Nettoyant d\u2018adh\u00e9rances pour des mati\u00e8res telles que silicone, hybride, polyur\u00e9thane pour des fonds non absorbants.<\/p>\n","protected":false},"featured_media":34922,"comment_status":"closed","ping_status":"closed","template":"","meta":{"_acf_changed":false},"product_cat":[161],"product_tag":[],"class_list":{"0":"post-3773","1":"product","2":"type-product","3":"status-publish","4":"has-post-thumbnail","6":"product_cat-primer-categorie","8":"first","9":"instock","10":"taxable","11":"shipping-taxable","12":"purchasable","13":"product-type-variable"},"acf":[],"_links":{"self":[{"href":"https:\/\/www.ct-chemie.ch\/fr\/wp-json\/wp\/v2\/product\/3773","targetHints":{"allow":["GET"]}}],"collection":[{"href":"https:\/\/www.ct-chemie.ch\/fr\/wp-json\/wp\/v2\/product"}],"about":[{"href":"https:\/\/www.ct-chemie.ch\/fr\/wp-json\/wp\/v2\/types\/product"}],"replies":[{"embeddable":true,"href":"https:\/\/www.ct-chemie.ch\/fr\/wp-json\/wp\/v2\/comments?post=3773"}],"wp:featuredmedia":[{"embeddable":true,"href":"https:\/\/www.ct-chemie.ch\/fr\/wp-json\/wp\/v2\/media\/34922"}],"wp:attachment":[{"href":"https:\/\/www.ct-chemie.ch\/fr\/wp-json\/wp\/v2\/media?parent=3773"}],"wp:term":[{"taxonomy":"product_cat","embeddable":true,"href":"https:\/\/www.ct-chemie.ch\/fr\/wp-json\/wp\/v2\/product_cat?post=3773"},{"taxonomy":"product_tag","embeddable":true,"href":"https:\/\/www.ct-chemie.ch\/fr\/wp-json\/wp\/v2\/product_tag?post=3773"}],"curies":[{"name":"wp","href":"https:\/\/api.w.org\/{rel}","templated":true}]}}