{"id":38438,"date":"2025-04-28T16:49:46","date_gmt":"2025-04-28T14:49:46","guid":{"rendered":"https:\/\/www.ct-chemie.ch\/?post_type=product&#038;p=38438"},"modified":"2025-04-28T17:00:00","modified_gmt":"2025-04-28T15:00:00","slug":"cetefix-215","status":"publish","type":"product","link":"https:\/\/www.ct-chemie.ch\/fr\/produit\/cetefix-215\/","title":{"rendered":"CeTeFix 215"},"content":{"rendered":"<p>Le ruban de masquage polyvalent pour peintre <strong>avec impression de logo<\/strong> peut \u00eatre retir\u00e9 sans laisser de r\u00e9sidus dans un d\u00e9lai de 1 \u00e0 3 jours. Papier beige. Publicit\u00e9 abordable sur le chantier. R\u00e9sistant \u00e0 des temp\u00e9ratures allant jusqu&rsquo;\u00e0 80\u00b0 C. Ne convient pas \u00e0 la pierre naturelle. Disponible \u00e0 partir de 5 cartons.<\/p>\n<p>Dimensions: 50 mm, rouleau\u00a0\u00e0 50 m, carton \u00e0 36\u00a0rouleaux<\/p>\n<p>1 Pi\u00e8ce = 5 Carton \/ 180 rouleaux<\/p>\n<p>&nbsp;<\/p>\n<p><iframe loading=\"lazy\" title=\"CeTeFix 215 \/ 50mm neu mit deinem Logo!\" width=\"980\" height=\"551\" src=\"https:\/\/www.youtube.com\/embed\/O1RJoYZeHl0?feature=oembed\" frameborder=\"0\" allow=\"accelerometer; autoplay; clipboard-write; encrypted-media; gyroscope; picture-in-picture; web-share\" referrerpolicy=\"strict-origin-when-cross-origin\" allowfullscreen><\/iframe><\/p>\n<p>&nbsp;<\/p>\n","protected":false},"excerpt":{"rendered":"<p>Ruban de masquage<\/p>\n","protected":false},"featured_media":38429,"comment_status":"closed","ping_status":"closed","template":"","meta":{"_acf_changed":false},"product_cat":[153],"product_tag":[],"class_list":{"0":"post-38438","1":"product","2":"type-product","3":"status-publish","4":"has-post-thumbnail","6":"product_cat-materiel-de-protection-categorie","8":"first","9":"instock","10":"taxable","11":"shipping-taxable","12":"purchasable","13":"product-type-simple"},"acf":[],"_links":{"self":[{"href":"https:\/\/www.ct-chemie.ch\/fr\/wp-json\/wp\/v2\/product\/38438","targetHints":{"allow":["GET"]}}],"collection":[{"href":"https:\/\/www.ct-chemie.ch\/fr\/wp-json\/wp\/v2\/product"}],"about":[{"href":"https:\/\/www.ct-chemie.ch\/fr\/wp-json\/wp\/v2\/types\/product"}],"replies":[{"embeddable":true,"href":"https:\/\/www.ct-chemie.ch\/fr\/wp-json\/wp\/v2\/comments?post=38438"}],"wp:featuredmedia":[{"embeddable":true,"href":"https:\/\/www.ct-chemie.ch\/fr\/wp-json\/wp\/v2\/media\/38429"}],"wp:attachment":[{"href":"https:\/\/www.ct-chemie.ch\/fr\/wp-json\/wp\/v2\/media?parent=38438"}],"wp:term":[{"taxonomy":"product_cat","embeddable":true,"href":"https:\/\/www.ct-chemie.ch\/fr\/wp-json\/wp\/v2\/product_cat?post=38438"},{"taxonomy":"product_tag","embeddable":true,"href":"https:\/\/www.ct-chemie.ch\/fr\/wp-json\/wp\/v2\/product_tag?post=38438"}],"curies":[{"name":"wp","href":"https:\/\/api.w.org\/{rel}","templated":true}]}}