{"id":3864,"date":"2015-06-22T06:25:29","date_gmt":"2015-06-22T04:25:29","guid":{"rendered":"http:\/\/ct-chemie.ch\/?product=materiel-de-remplissage"},"modified":"2025-10-14T14:54:11","modified_gmt":"2025-10-14T12:54:11","slug":"materiel-de-remplissage","status":"publish","type":"product","link":"https:\/\/www.ct-chemie.ch\/fr\/produit\/materiel-de-remplissage\/","title":{"rendered":"Mat\u00e9riel de remplissage"},"content":{"rendered":"<p><strong>Mat\u00e9riel de remplissage PUR<\/strong><br \/>\nProfile en mousse de polyur\u00e9thane (PU) \u00e0 cellules ouvertes pour le remplissage des joints.<br \/>\nDimension \u00d8: 10 mm (carton \u00e0 2000 m), 15 mm (carton \u00e0 900 m), 20 mm (carton \u00e0 500 m), 25 mm (carton \u00e0 350 m), 30 mm (carton \u00e0 250 m), 35 mm (carton \u00e0 180 m), 40 mm (carton \u00e0 150 m), 50 mm (carton \u00e0 100 m)<\/p>\n<p><strong>1 pi\u00e8ce = 20 m\u00e8tre (Dimension \u00d8: 10 mm, 15 mm, 20 mm, 25 mm, 30 mm)<\/strong><br \/>\n<strong>1 pi\u00e8ce = 10 m\u00e8tre (Dimension \u00d8: 35 mm, 40 mm)<\/strong><br \/>\n<strong>1 pi\u00e8ce = 1<\/strong> <strong>m\u00e8tre (Dimension \u00d8: 50 mm)<\/strong><\/p>\n<p><strong>Mat\u00e9riel de remplissage PE<\/strong><br \/>\nProfil\u00e9 en mousse de poly\u00e9thyl\u00e8ne (PE) \u00e0 cellules ferm\u00e9es, faiblement d\u00e9composant pour le remplissage des joints de construction.<br \/>\nDimension \u00d8: 6 mm (carton \u00e0 100 m), 8 mm (carton \u00e0 100 m), 10 mm(carton \u00e0 100 m), 15 mm (carton \u00e0 100 m), 20 mm (carton \u00e0 50m)<\/p>\n<p><strong>1 pi\u00e8ce = 1 carton<\/strong><\/p>\n<div class=\"quantity\"><\/div>\n<div class=\"variations_button\"><\/div>\n","protected":false},"excerpt":{"rendered":"<p>Profil de mousse en polyur\u00e9thane et poly\u00e9thyl\u00e8ne<\/p>\n","protected":false},"featured_media":12076,"comment_status":"closed","ping_status":"closed","template":"","meta":{"_acf_changed":false},"product_cat":[167],"product_tag":[],"class_list":{"0":"post-3864","1":"product","2":"type-product","3":"status-publish","4":"has-post-thumbnail","6":"product_cat-accessoires","8":"first","9":"instock","10":"taxable","11":"shipping-taxable","12":"purchasable","13":"product-type-variable"},"acf":[],"_links":{"self":[{"href":"https:\/\/www.ct-chemie.ch\/fr\/wp-json\/wp\/v2\/product\/3864","targetHints":{"allow":["GET"]}}],"collection":[{"href":"https:\/\/www.ct-chemie.ch\/fr\/wp-json\/wp\/v2\/product"}],"about":[{"href":"https:\/\/www.ct-chemie.ch\/fr\/wp-json\/wp\/v2\/types\/product"}],"replies":[{"embeddable":true,"href":"https:\/\/www.ct-chemie.ch\/fr\/wp-json\/wp\/v2\/comments?post=3864"}],"wp:featuredmedia":[{"embeddable":true,"href":"https:\/\/www.ct-chemie.ch\/fr\/wp-json\/wp\/v2\/media\/12076"}],"wp:attachment":[{"href":"https:\/\/www.ct-chemie.ch\/fr\/wp-json\/wp\/v2\/media?parent=3864"}],"wp:term":[{"taxonomy":"product_cat","embeddable":true,"href":"https:\/\/www.ct-chemie.ch\/fr\/wp-json\/wp\/v2\/product_cat?post=3864"},{"taxonomy":"product_tag","embeddable":true,"href":"https:\/\/www.ct-chemie.ch\/fr\/wp-json\/wp\/v2\/product_tag?post=3864"}],"curies":[{"name":"wp","href":"https:\/\/api.w.org\/{rel}","templated":true}]}}