{"id":38938,"date":"2025-07-02T15:41:12","date_gmt":"2025-07-02T13:41:12","guid":{"rendered":"https:\/\/www.ct-chemie.ch\/?post_type=product&#038;p=38938"},"modified":"2025-07-07T20:57:10","modified_gmt":"2025-07-07T18:57:10","slug":"hmk-s751","status":"publish","type":"product","link":"https:\/\/www.ct-chemie.ch\/fr\/produit\/hmk-s751\/","title":{"rendered":"HMK S751"},"content":{"rendered":"<div>\n<p>Color Booster<br \/>\nest une impr\u00e9gnation sp\u00e9ciale pr\u00eate \u00e0 l\u2019emploi, \u00e0 forte intensification de la couleur, pour des plans de travail de cuisines, comptoirs, tables, etc. R\u00e9duit l\u2019infiltration d\u2019eau, de salet\u00e9, d\u2019huile et de graisse.<\/p>\n<\/div>\n<div>\n<p>Rendement: env. 10 &#8211; 40 m2\/l<\/p>\n<\/div>\n<div>\n<p>Pi\u00e8ce\u00a0\u00e0: 1 l<br \/>\nCarton \u00e0: 12 pce<\/p>\n<\/div>\n<div>\n<p>Pi\u00e8ce\u00a0\u00e0: 5 l<br \/>\nCarton \u00e0: 2 pce<\/p>\n<\/div>\n","protected":false},"excerpt":{"rendered":"<div>\n<p>Color Booster<\/p>\n<\/div>\n","protected":false},"featured_media":38991,"comment_status":"closed","ping_status":"closed","template":"","meta":{"_acf_changed":false},"product_cat":[183],"product_tag":[],"class_list":{"0":"post-38938","1":"product","2":"type-product","3":"status-publish","4":"has-post-thumbnail","6":"product_cat-profi-line","8":"first","9":"instock","10":"taxable","11":"shipping-taxable","12":"purchasable","13":"product-type-variable"},"acf":[],"_links":{"self":[{"href":"https:\/\/www.ct-chemie.ch\/fr\/wp-json\/wp\/v2\/product\/38938","targetHints":{"allow":["GET"]}}],"collection":[{"href":"https:\/\/www.ct-chemie.ch\/fr\/wp-json\/wp\/v2\/product"}],"about":[{"href":"https:\/\/www.ct-chemie.ch\/fr\/wp-json\/wp\/v2\/types\/product"}],"replies":[{"embeddable":true,"href":"https:\/\/www.ct-chemie.ch\/fr\/wp-json\/wp\/v2\/comments?post=38938"}],"wp:featuredmedia":[{"embeddable":true,"href":"https:\/\/www.ct-chemie.ch\/fr\/wp-json\/wp\/v2\/media\/38991"}],"wp:attachment":[{"href":"https:\/\/www.ct-chemie.ch\/fr\/wp-json\/wp\/v2\/media?parent=38938"}],"wp:term":[{"taxonomy":"product_cat","embeddable":true,"href":"https:\/\/www.ct-chemie.ch\/fr\/wp-json\/wp\/v2\/product_cat?post=38938"},{"taxonomy":"product_tag","embeddable":true,"href":"https:\/\/www.ct-chemie.ch\/fr\/wp-json\/wp\/v2\/product_tag?post=38938"}],"curies":[{"name":"wp","href":"https:\/\/api.w.org\/{rel}","templated":true}]}}