{"id":3899,"date":"2015-06-22T06:51:02","date_gmt":"2015-06-22T04:51:02","guid":{"rendered":"http:\/\/ct-chemie.ch\/?product=glaettfix-s-2"},"modified":"2026-04-07T20:12:04","modified_gmt":"2026-04-07T18:12:04","slug":"glaettfix-s","status":"publish","type":"product","link":"https:\/\/www.ct-chemie.ch\/fr\/produit\/glaettfix-s\/","title":{"rendered":"Gl\u00e4ttfix S"},"content":{"rendered":"<p>Agent de lissage pour lisser des produits d&rsquo;\u00e9tanch\u00e9it\u00e9 sur tous supports. Ne pas utiliser pour les mastics acryliques. Ne contient aucune substance susceptible de d\u00e9colorer les produits d&rsquo;\u00e9tanch\u00e9it\u00e9 ou pas de lessivage des pigments de couleur du scellant. Diluer le produit dans un rapport de 1 :15 avec de l&rsquo;eau.<\/p>\n<p>Piece a: 5 l<\/p>\n","protected":false},"excerpt":{"rendered":"<p>Produit de lissage pour lisser les mastics<\/p>\n","protected":false},"featured_media":41018,"comment_status":"closed","ping_status":"closed","template":"","meta":{"_acf_changed":false},"product_cat":[167],"product_tag":[],"class_list":{"0":"post-3899","1":"product","2":"type-product","3":"status-publish","4":"has-post-thumbnail","6":"product_cat-accessoires","8":"first","9":"instock","10":"taxable","11":"shipping-taxable","12":"purchasable","13":"product-type-simple"},"acf":[],"_links":{"self":[{"href":"https:\/\/www.ct-chemie.ch\/fr\/wp-json\/wp\/v2\/product\/3899","targetHints":{"allow":["GET"]}}],"collection":[{"href":"https:\/\/www.ct-chemie.ch\/fr\/wp-json\/wp\/v2\/product"}],"about":[{"href":"https:\/\/www.ct-chemie.ch\/fr\/wp-json\/wp\/v2\/types\/product"}],"replies":[{"embeddable":true,"href":"https:\/\/www.ct-chemie.ch\/fr\/wp-json\/wp\/v2\/comments?post=3899"}],"wp:featuredmedia":[{"embeddable":true,"href":"https:\/\/www.ct-chemie.ch\/fr\/wp-json\/wp\/v2\/media\/41018"}],"wp:attachment":[{"href":"https:\/\/www.ct-chemie.ch\/fr\/wp-json\/wp\/v2\/media?parent=3899"}],"wp:term":[{"taxonomy":"product_cat","embeddable":true,"href":"https:\/\/www.ct-chemie.ch\/fr\/wp-json\/wp\/v2\/product_cat?post=3899"},{"taxonomy":"product_tag","embeddable":true,"href":"https:\/\/www.ct-chemie.ch\/fr\/wp-json\/wp\/v2\/product_tag?post=3899"}],"curies":[{"name":"wp","href":"https:\/\/api.w.org\/{rel}","templated":true}]}}