{"id":3920,"date":"2015-06-22T07:08:10","date_gmt":"2015-06-22T05:08:10","guid":{"rendered":"http:\/\/ct-chemie.ch\/?product=glaettfix-mn-2"},"modified":"2025-08-19T11:38:37","modified_gmt":"2025-08-19T09:38:37","slug":"glaettfix-mn","status":"publish","type":"product","link":"https:\/\/www.ct-chemie.ch\/fr\/produit\/glaettfix-mn\/","title":{"rendered":"Gl\u00e4ttfix MN"},"content":{"rendered":"<p>Agent de lissage pour lisser des produits d&rsquo;\u00e9tanch\u00e9it\u00e9 sur tous supports. Ne pas utiliser sur les mastics acryliques. Id\u00e9al pour la pierre naturelle et le parquet. Ne contient aucune substance susceptible de d\u00e9colorer les produits d&rsquo;\u00e9tanch\u00e9it\u00e9 ou pas de lessivage des pigments de couleur du scellant. L\u2018agent de lissage est pr\u00eat \u00e0 \u00eatre utilis\u00e9.<\/p>\n","protected":false},"excerpt":{"rendered":"<p>Produit de lissage pr\u00eat \u00e0 l&rsquo;usage pour lisser les mastics.<\/p>\n","protected":false},"featured_media":34150,"comment_status":"closed","ping_status":"closed","template":"","meta":{"_acf_changed":false},"product_cat":[167],"product_tag":[],"class_list":{"0":"post-3920","1":"product","2":"type-product","3":"status-publish","4":"has-post-thumbnail","6":"product_cat-accessoires","8":"first","9":"instock","10":"taxable","11":"shipping-taxable","12":"purchasable","13":"product-type-variable"},"acf":[],"_links":{"self":[{"href":"https:\/\/www.ct-chemie.ch\/fr\/wp-json\/wp\/v2\/product\/3920","targetHints":{"allow":["GET"]}}],"collection":[{"href":"https:\/\/www.ct-chemie.ch\/fr\/wp-json\/wp\/v2\/product"}],"about":[{"href":"https:\/\/www.ct-chemie.ch\/fr\/wp-json\/wp\/v2\/types\/product"}],"replies":[{"embeddable":true,"href":"https:\/\/www.ct-chemie.ch\/fr\/wp-json\/wp\/v2\/comments?post=3920"}],"wp:featuredmedia":[{"embeddable":true,"href":"https:\/\/www.ct-chemie.ch\/fr\/wp-json\/wp\/v2\/media\/34150"}],"wp:attachment":[{"href":"https:\/\/www.ct-chemie.ch\/fr\/wp-json\/wp\/v2\/media?parent=3920"}],"wp:term":[{"taxonomy":"product_cat","embeddable":true,"href":"https:\/\/www.ct-chemie.ch\/fr\/wp-json\/wp\/v2\/product_cat?post=3920"},{"taxonomy":"product_tag","embeddable":true,"href":"https:\/\/www.ct-chemie.ch\/fr\/wp-json\/wp\/v2\/product_tag?post=3920"}],"curies":[{"name":"wp","href":"https:\/\/api.w.org\/{rel}","templated":true}]}}