{"id":39209,"date":"2025-08-12T09:42:47","date_gmt":"2025-08-12T07:42:47","guid":{"rendered":"https:\/\/www.ct-chemie.ch\/?post_type=product&#038;p=39209"},"modified":"2025-11-11T16:30:38","modified_gmt":"2025-11-11T15:30:38","slug":"2h-hb-50-fc","status":"publish","type":"product","link":"https:\/\/www.ct-chemie.ch\/fr\/produit\/2h-hb-50-fc\/","title":{"rendered":"2H HB 50 FC"},"content":{"rendered":"<p style=\"font-weight: 400;\">Adh\u00e9sif et mat\u00e9riau d\u2019\u00e9tanch\u00e9it\u00e9 mono-composant (MS polym\u00e8res), pour coller le bois, m\u00e9tal, PVC-dur, c\u00e9ramique, pierres naturelles et artificielles, miroir, panneaux etc. ainsi comme mat\u00e9riau d\u2019\u00e9tanch\u00e9it\u00e9 pour joints de sols carrossables. Recouvrable, r\u00e9sistant aux charges UV et aux intemp\u00e9ries, exempte de silicone, d\u2019isocyanate, de plastifiant et de solvant.<\/p>\n<p>Couleur: noir<\/p>\n<p><span lang=\"fr-CH\">R\u00e9sistance \u00e0 la temp\u00e9rature -40\u00b0 C \u2013 +100\u00b0 C<\/span><\/p>\n<p><span lang=\"fr-CH\">Certification: EC1 plus<\/span><\/p>\n<p><span lang=\"fr-CH\">Cartouche \u00e0: 310 ml<br \/>\nCarton \u00e0: 12 pce<\/span><\/p>\n","protected":false},"excerpt":{"rendered":"<p><span lang=\"fr-CH\" data-olk-copy-source=\"MessageBody\">Adh\u00e9sif et mat\u00e9riau d\u2018\u00e9tanch\u00e9it\u00e9 mono-composant (MS polym\u00e8res)<\/span><\/p>\n","protected":false},"featured_media":39913,"comment_status":"closed","ping_status":"closed","template":"","meta":{"_acf_changed":false},"product_cat":[151],"product_tag":[],"class_list":{"0":"post-39209","1":"product","2":"type-product","3":"status-publish","4":"has-post-thumbnail","6":"product_cat-colles-categorie","8":"first","9":"instock","10":"taxable","11":"shipping-taxable","12":"purchasable","13":"product-type-variable"},"acf":[],"_links":{"self":[{"href":"https:\/\/www.ct-chemie.ch\/fr\/wp-json\/wp\/v2\/product\/39209","targetHints":{"allow":["GET"]}}],"collection":[{"href":"https:\/\/www.ct-chemie.ch\/fr\/wp-json\/wp\/v2\/product"}],"about":[{"href":"https:\/\/www.ct-chemie.ch\/fr\/wp-json\/wp\/v2\/types\/product"}],"replies":[{"embeddable":true,"href":"https:\/\/www.ct-chemie.ch\/fr\/wp-json\/wp\/v2\/comments?post=39209"}],"wp:featuredmedia":[{"embeddable":true,"href":"https:\/\/www.ct-chemie.ch\/fr\/wp-json\/wp\/v2\/media\/39913"}],"wp:attachment":[{"href":"https:\/\/www.ct-chemie.ch\/fr\/wp-json\/wp\/v2\/media?parent=39209"}],"wp:term":[{"taxonomy":"product_cat","embeddable":true,"href":"https:\/\/www.ct-chemie.ch\/fr\/wp-json\/wp\/v2\/product_cat?post=39209"},{"taxonomy":"product_tag","embeddable":true,"href":"https:\/\/www.ct-chemie.ch\/fr\/wp-json\/wp\/v2\/product_tag?post=39209"}],"curies":[{"name":"wp","href":"https:\/\/api.w.org\/{rel}","templated":true}]}}