{"id":3933,"date":"2015-06-22T07:16:12","date_gmt":"2015-06-22T05:16:12","guid":{"rendered":"http:\/\/ct-chemie.ch\/?product=vaporisateur"},"modified":"2025-01-14T07:21:31","modified_gmt":"2025-01-14T06:21:31","slug":"vaporisateur","status":"publish","type":"product","link":"https:\/\/www.ct-chemie.ch\/fr\/produit\/vaporisateur\/","title":{"rendered":"Flacon pulv\u00e9risateur"},"content":{"rendered":"<p>Flacon pulv\u00e9risateur universelle en mati\u00e8re plastique.<\/p>\n<p class=\"p1\">Contenu: 600 ml<\/p>\n","protected":false},"excerpt":{"rendered":"<p>Flacon pulv\u00e9risateur universelle en mati\u00e8re plastique<\/p>\n","protected":false},"featured_media":27539,"comment_status":"closed","ping_status":"closed","template":"","meta":{"_acf_changed":false},"product_cat":[167],"product_tag":[],"class_list":{"0":"post-3933","1":"product","2":"type-product","3":"status-publish","4":"has-post-thumbnail","6":"product_cat-accessoires","8":"first","9":"instock","10":"taxable","11":"shipping-taxable","12":"purchasable","13":"product-type-simple"},"acf":[],"_links":{"self":[{"href":"https:\/\/www.ct-chemie.ch\/fr\/wp-json\/wp\/v2\/product\/3933","targetHints":{"allow":["GET"]}}],"collection":[{"href":"https:\/\/www.ct-chemie.ch\/fr\/wp-json\/wp\/v2\/product"}],"about":[{"href":"https:\/\/www.ct-chemie.ch\/fr\/wp-json\/wp\/v2\/types\/product"}],"replies":[{"embeddable":true,"href":"https:\/\/www.ct-chemie.ch\/fr\/wp-json\/wp\/v2\/comments?post=3933"}],"wp:featuredmedia":[{"embeddable":true,"href":"https:\/\/www.ct-chemie.ch\/fr\/wp-json\/wp\/v2\/media\/27539"}],"wp:attachment":[{"href":"https:\/\/www.ct-chemie.ch\/fr\/wp-json\/wp\/v2\/media?parent=3933"}],"wp:term":[{"taxonomy":"product_cat","embeddable":true,"href":"https:\/\/www.ct-chemie.ch\/fr\/wp-json\/wp\/v2\/product_cat?post=3933"},{"taxonomy":"product_tag","embeddable":true,"href":"https:\/\/www.ct-chemie.ch\/fr\/wp-json\/wp\/v2\/product_tag?post=3933"}],"curies":[{"name":"wp","href":"https:\/\/api.w.org\/{rel}","templated":true}]}}