{"id":39356,"date":"2025-08-19T10:47:50","date_gmt":"2025-08-19T08:47:50","guid":{"rendered":"https:\/\/www.ct-chemie.ch\/?post_type=product&#038;p=39356"},"modified":"2025-08-19T11:21:47","modified_gmt":"2025-08-19T09:21:47","slug":"bellinzoni-epobel","status":"publish","type":"product","link":"https:\/\/www.ct-chemie.ch\/fr\/produit\/bellinzoni-epobel\/","title":{"rendered":"Bellinzoni Epobel"},"content":{"rendered":"<p class=\"x_MsoNormal\"><span lang=\"FR-CH\" data-olk-copy-source=\"MessageBody\">Concentr\u00e9 de p\u00e2tes color\u00e9es pour tous les syst\u00e8mes adh\u00e9sifs epoxydique \u00a0bi-composant. Les couleurs peuvent \u00eatre m\u00e9lang\u00e9es entre elles, ce qui permet des compositions de couleurs optimales.<\/span><\/p>\n<p class=\"x_MsoNormal\"><span lang=\"FR-CH\">Pi\u00e8ce: bo\u00eete \u00e0 100 ml<\/span><\/p>\n","protected":false},"excerpt":{"rendered":"<p>Concentr\u00e9 de p\u00e2tes color\u00e9es pour tous les syst\u00e8mes adh\u00e9sifs polyester bi-composant<\/p>\n","protected":false},"featured_media":39916,"comment_status":"closed","ping_status":"closed","template":"","meta":{"_acf_changed":false},"product_cat":[139],"product_tag":[],"class_list":{"0":"post-39356","1":"product","2":"type-product","3":"status-publish","4":"has-post-thumbnail","6":"product_cat-epoxyde-categorie","8":"first","9":"instock","10":"taxable","11":"shipping-taxable","12":"purchasable","13":"product-type-variable"},"acf":[],"_links":{"self":[{"href":"https:\/\/www.ct-chemie.ch\/fr\/wp-json\/wp\/v2\/product\/39356","targetHints":{"allow":["GET"]}}],"collection":[{"href":"https:\/\/www.ct-chemie.ch\/fr\/wp-json\/wp\/v2\/product"}],"about":[{"href":"https:\/\/www.ct-chemie.ch\/fr\/wp-json\/wp\/v2\/types\/product"}],"replies":[{"embeddable":true,"href":"https:\/\/www.ct-chemie.ch\/fr\/wp-json\/wp\/v2\/comments?post=39356"}],"wp:featuredmedia":[{"embeddable":true,"href":"https:\/\/www.ct-chemie.ch\/fr\/wp-json\/wp\/v2\/media\/39916"}],"wp:attachment":[{"href":"https:\/\/www.ct-chemie.ch\/fr\/wp-json\/wp\/v2\/media?parent=39356"}],"wp:term":[{"taxonomy":"product_cat","embeddable":true,"href":"https:\/\/www.ct-chemie.ch\/fr\/wp-json\/wp\/v2\/product_cat?post=39356"},{"taxonomy":"product_tag","embeddable":true,"href":"https:\/\/www.ct-chemie.ch\/fr\/wp-json\/wp\/v2\/product_tag?post=39356"}],"curies":[{"name":"wp","href":"https:\/\/api.w.org\/{rel}","templated":true}]}}