{"id":4020,"date":"2015-06-22T13:16:15","date_gmt":"2015-06-22T11:16:15","guid":{"rendered":"http:\/\/ct-chemie.ch\/?product=doigtier-dapplication"},"modified":"2024-10-01T11:18:52","modified_gmt":"2024-10-01T09:18:52","slug":"doigtier-dapplication","status":"publish","type":"product","link":"https:\/\/www.ct-chemie.ch\/fr\/produit\/doigtier-dapplication\/","title":{"rendered":"Doigtier d&rsquo;application"},"content":{"rendered":"<p>Gomme de lissage oblongue, en mati\u00e8re plastique avec deux grandeurs de rayons diff\u00e9rentes pour lisser toutes les masses d\u2019\u00e9tanch\u00e9it\u00e9.<\/p>\n<p>Dimensions: <strong>S <\/strong>(10\/13 mm), <strong>M<\/strong> (13\/16 mm) et <strong>L<\/strong> (18\/21 mm)<\/p>\n<p>Disponibles par unit\u00e9 ou en set (S, M, L)<\/p>\n","protected":false},"excerpt":{"rendered":"<p>Gomme de lissage oblongue<\/p>\n","protected":false},"featured_media":2055,"comment_status":"closed","ping_status":"closed","template":"","meta":{"_acf_changed":false},"product_cat":[167],"product_tag":[],"class_list":{"0":"post-4020","1":"product","2":"type-product","3":"status-publish","4":"has-post-thumbnail","6":"product_cat-accessoires","8":"first","9":"instock","10":"taxable","11":"shipping-taxable","12":"purchasable","13":"product-type-variable"},"acf":[],"_links":{"self":[{"href":"https:\/\/www.ct-chemie.ch\/fr\/wp-json\/wp\/v2\/product\/4020","targetHints":{"allow":["GET"]}}],"collection":[{"href":"https:\/\/www.ct-chemie.ch\/fr\/wp-json\/wp\/v2\/product"}],"about":[{"href":"https:\/\/www.ct-chemie.ch\/fr\/wp-json\/wp\/v2\/types\/product"}],"replies":[{"embeddable":true,"href":"https:\/\/www.ct-chemie.ch\/fr\/wp-json\/wp\/v2\/comments?post=4020"}],"wp:featuredmedia":[{"embeddable":true,"href":"https:\/\/www.ct-chemie.ch\/fr\/wp-json\/wp\/v2\/media\/2055"}],"wp:attachment":[{"href":"https:\/\/www.ct-chemie.ch\/fr\/wp-json\/wp\/v2\/media?parent=4020"}],"wp:term":[{"taxonomy":"product_cat","embeddable":true,"href":"https:\/\/www.ct-chemie.ch\/fr\/wp-json\/wp\/v2\/product_cat?post=4020"},{"taxonomy":"product_tag","embeddable":true,"href":"https:\/\/www.ct-chemie.ch\/fr\/wp-json\/wp\/v2\/product_tag?post=4020"}],"curies":[{"name":"wp","href":"https:\/\/api.w.org\/{rel}","templated":true}]}}