{"id":4036,"date":"2015-06-22T13:35:14","date_gmt":"2015-06-22T11:35:14","guid":{"rendered":"http:\/\/ct-chemie.ch\/?product=fugenprofi-2"},"modified":"2024-10-01T11:25:16","modified_gmt":"2024-10-01T09:25:16","slug":"fugenprofi","status":"publish","type":"product","link":"https:\/\/www.ct-chemie.ch\/fr\/produit\/fugenprofi\/","title":{"rendered":"FugenProfi"},"content":{"rendered":"<p>Gomme de lissage en mati\u00e8re plastique \u00e0 diff\u00e9rents angles et arrondie. Pour lisser toutes les masses d\u2019\u00e9tanch\u00e9it\u00e9.<\/p>\n<p>Disponible en set de 3 pi\u00e8ces ou par unit\u00e9 (No. 1 triangles 5\/8\/10 ou No. 2 radius 5\/8\/10).<\/p>\n","protected":false},"excerpt":{"rendered":"<p>Gomme de lissage en mati\u00e8re plastique \u00e0 diff\u00e9rents angles et arrondie<\/p>\n","protected":false},"featured_media":10573,"comment_status":"closed","ping_status":"closed","template":"","meta":{"_acf_changed":false},"product_cat":[167],"product_tag":[],"class_list":{"0":"post-4036","1":"product","2":"type-product","3":"status-publish","4":"has-post-thumbnail","6":"product_cat-accessoires","8":"first","9":"instock","10":"taxable","11":"shipping-taxable","12":"purchasable","13":"product-type-variable"},"acf":[],"_links":{"self":[{"href":"https:\/\/www.ct-chemie.ch\/fr\/wp-json\/wp\/v2\/product\/4036","targetHints":{"allow":["GET"]}}],"collection":[{"href":"https:\/\/www.ct-chemie.ch\/fr\/wp-json\/wp\/v2\/product"}],"about":[{"href":"https:\/\/www.ct-chemie.ch\/fr\/wp-json\/wp\/v2\/types\/product"}],"replies":[{"embeddable":true,"href":"https:\/\/www.ct-chemie.ch\/fr\/wp-json\/wp\/v2\/comments?post=4036"}],"wp:featuredmedia":[{"embeddable":true,"href":"https:\/\/www.ct-chemie.ch\/fr\/wp-json\/wp\/v2\/media\/10573"}],"wp:attachment":[{"href":"https:\/\/www.ct-chemie.ch\/fr\/wp-json\/wp\/v2\/media?parent=4036"}],"wp:term":[{"taxonomy":"product_cat","embeddable":true,"href":"https:\/\/www.ct-chemie.ch\/fr\/wp-json\/wp\/v2\/product_cat?post=4036"},{"taxonomy":"product_tag","embeddable":true,"href":"https:\/\/www.ct-chemie.ch\/fr\/wp-json\/wp\/v2\/product_tag?post=4036"}],"curies":[{"name":"wp","href":"https:\/\/api.w.org\/{rel}","templated":true}]}}