{"id":4057,"date":"2015-06-23T08:02:09","date_gmt":"2015-06-23T06:02:09","guid":{"rendered":"http:\/\/ct-chemie.ch\/?product=fx-310-2"},"modified":"2024-10-01T11:47:20","modified_gmt":"2024-10-01T09:47:20","slug":"cete-310","status":"publish","type":"product","link":"https:\/\/www.ct-chemie.ch\/fr\/produit\/cete-310\/","title":{"rendered":"CeTe 310"},"content":{"rendered":"<p>Pistolet pour cartouches avec tige-poussoir ultra-perfectionn\u00e9e anticorrosion, double introduction longue de la tige-poussoir, large bloc de pouss\u00e9e tremp\u00e9, crochet \u00e0 \u00e9chelle, poign\u00e9e en caoutchouc et g\u00e2chette. Coque rotative et plaque poign\u00e9e avec quadruple boulonnage m\u00e9tallique. Pour cartouches jusqu\u2019\u00e0 310 ml. Rapport de transmission 17:1.<\/p>\n","protected":false},"excerpt":{"rendered":"<p>Pistolet pour cartouches avec tige-poussoir ultra-perfectionn\u00e9e anticorrosion<\/p>\n","protected":false},"featured_media":27548,"comment_status":"closed","ping_status":"closed","template":"","meta":{"_acf_changed":false},"product_cat":[166],"product_tag":[],"class_list":{"0":"post-4057","1":"product","2":"type-product","3":"status-publish","4":"has-post-thumbnail","6":"product_cat-pistolets-pour-silicones","8":"first","9":"instock","10":"taxable","11":"shipping-taxable","12":"purchasable","13":"product-type-simple"},"acf":[],"_links":{"self":[{"href":"https:\/\/www.ct-chemie.ch\/fr\/wp-json\/wp\/v2\/product\/4057","targetHints":{"allow":["GET"]}}],"collection":[{"href":"https:\/\/www.ct-chemie.ch\/fr\/wp-json\/wp\/v2\/product"}],"about":[{"href":"https:\/\/www.ct-chemie.ch\/fr\/wp-json\/wp\/v2\/types\/product"}],"replies":[{"embeddable":true,"href":"https:\/\/www.ct-chemie.ch\/fr\/wp-json\/wp\/v2\/comments?post=4057"}],"wp:featuredmedia":[{"embeddable":true,"href":"https:\/\/www.ct-chemie.ch\/fr\/wp-json\/wp\/v2\/media\/27548"}],"wp:attachment":[{"href":"https:\/\/www.ct-chemie.ch\/fr\/wp-json\/wp\/v2\/media?parent=4057"}],"wp:term":[{"taxonomy":"product_cat","embeddable":true,"href":"https:\/\/www.ct-chemie.ch\/fr\/wp-json\/wp\/v2\/product_cat?post=4057"},{"taxonomy":"product_tag","embeddable":true,"href":"https:\/\/www.ct-chemie.ch\/fr\/wp-json\/wp\/v2\/product_tag?post=4057"}],"curies":[{"name":"wp","href":"https:\/\/api.w.org\/{rel}","templated":true}]}}