{"id":4063,"date":"2015-06-23T08:08:17","date_gmt":"2015-06-23T06:08:17","guid":{"rendered":"http:\/\/ct-chemie.ch\/?product=mk-h-40-2"},"modified":"2024-10-01T11:54:58","modified_gmt":"2024-10-01T09:54:58","slug":"mk-h-40","status":"publish","type":"product","link":"https:\/\/www.ct-chemie.ch\/fr\/produit\/mk-h-40\/","title":{"rendered":"MK H 40+"},"content":{"rendered":"<p>Pistolet robuste pour professionnels pour l\u2018emploi permanent et d\u00e9verrouillage de la bielle directement \u00e0 la d\u00e9tente. Rend possible une extraction facile et r\u00e9guli\u00e8re, coupe rotative pour des cartouches jusqu\u2018\u00e0 310 ml. Rapport de la transmission 18:1.<\/p>\n","protected":false},"excerpt":{"rendered":"<p>robuste pistolet pour professionnels<\/p>\n","protected":false},"featured_media":31677,"comment_status":"closed","ping_status":"closed","template":"","meta":{"_acf_changed":false},"product_cat":[166],"product_tag":[],"class_list":{"0":"post-4063","1":"product","2":"type-product","3":"status-publish","4":"has-post-thumbnail","6":"product_cat-pistolets-pour-silicones","8":"first","9":"instock","10":"taxable","11":"shipping-taxable","12":"purchasable","13":"product-type-simple"},"acf":[],"_links":{"self":[{"href":"https:\/\/www.ct-chemie.ch\/fr\/wp-json\/wp\/v2\/product\/4063","targetHints":{"allow":["GET"]}}],"collection":[{"href":"https:\/\/www.ct-chemie.ch\/fr\/wp-json\/wp\/v2\/product"}],"about":[{"href":"https:\/\/www.ct-chemie.ch\/fr\/wp-json\/wp\/v2\/types\/product"}],"replies":[{"embeddable":true,"href":"https:\/\/www.ct-chemie.ch\/fr\/wp-json\/wp\/v2\/comments?post=4063"}],"wp:featuredmedia":[{"embeddable":true,"href":"https:\/\/www.ct-chemie.ch\/fr\/wp-json\/wp\/v2\/media\/31677"}],"wp:attachment":[{"href":"https:\/\/www.ct-chemie.ch\/fr\/wp-json\/wp\/v2\/media?parent=4063"}],"wp:term":[{"taxonomy":"product_cat","embeddable":true,"href":"https:\/\/www.ct-chemie.ch\/fr\/wp-json\/wp\/v2\/product_cat?post=4063"},{"taxonomy":"product_tag","embeddable":true,"href":"https:\/\/www.ct-chemie.ch\/fr\/wp-json\/wp\/v2\/product_tag?post=4063"}],"curies":[{"name":"wp","href":"https:\/\/api.w.org\/{rel}","templated":true}]}}