{"id":4069,"date":"2015-06-23T08:20:50","date_gmt":"2015-06-23T06:20:50","guid":{"rendered":"http:\/\/ct-chemie.ch\/?product=fx-600-2"},"modified":"2024-10-01T11:50:17","modified_gmt":"2024-10-01T09:50:17","slug":"fx-600","status":"publish","type":"product","link":"https:\/\/www.ct-chemie.ch\/fr\/produit\/fx-600\/","title":{"rendered":"FX7-60"},"content":{"rendered":"<p>Pistolet avec tige-poussoir ultra-perfectionn\u00e9e anticorrosion, double introduction longue de la tige-poussoir, bloc de pouss\u00e9e tremp\u00e9, crochet \u00e0 \u00e9chelle, poign\u00e9e en caoutchouc et g\u00e2chette. Tube alu rotatif et plaque poign\u00e9e. Le plateau de pouss\u00e9e assure un vidage total du sachet. Pour cartouches et sachets alu jusqu\u2019\u00e0 600 ml. Rapport de transmission 17:1.<\/p>\n","protected":false},"excerpt":{"rendered":"<p>Pistolet avec tige-poussoir ultra-perfectionn\u00e9e anticorrosion<\/p>\n","protected":false},"featured_media":35936,"comment_status":"closed","ping_status":"closed","template":"","meta":{"_acf_changed":false},"product_cat":[166],"product_tag":[],"class_list":{"0":"post-4069","1":"product","2":"type-product","3":"status-publish","4":"has-post-thumbnail","6":"product_cat-pistolets-pour-silicones","8":"first","9":"instock","10":"taxable","11":"shipping-taxable","12":"purchasable","13":"product-type-simple"},"acf":[],"_links":{"self":[{"href":"https:\/\/www.ct-chemie.ch\/fr\/wp-json\/wp\/v2\/product\/4069","targetHints":{"allow":["GET"]}}],"collection":[{"href":"https:\/\/www.ct-chemie.ch\/fr\/wp-json\/wp\/v2\/product"}],"about":[{"href":"https:\/\/www.ct-chemie.ch\/fr\/wp-json\/wp\/v2\/types\/product"}],"replies":[{"embeddable":true,"href":"https:\/\/www.ct-chemie.ch\/fr\/wp-json\/wp\/v2\/comments?post=4069"}],"wp:featuredmedia":[{"embeddable":true,"href":"https:\/\/www.ct-chemie.ch\/fr\/wp-json\/wp\/v2\/media\/35936"}],"wp:attachment":[{"href":"https:\/\/www.ct-chemie.ch\/fr\/wp-json\/wp\/v2\/media?parent=4069"}],"wp:term":[{"taxonomy":"product_cat","embeddable":true,"href":"https:\/\/www.ct-chemie.ch\/fr\/wp-json\/wp\/v2\/product_cat?post=4069"},{"taxonomy":"product_tag","embeddable":true,"href":"https:\/\/www.ct-chemie.ch\/fr\/wp-json\/wp\/v2\/product_tag?post=4069"}],"curies":[{"name":"wp","href":"https:\/\/api.w.org\/{rel}","templated":true}]}}