{"id":4084,"date":"2015-06-23T08:37:41","date_gmt":"2015-06-23T06:37:41","guid":{"rendered":"http:\/\/ct-chemie.ch\/?product=mk-t16-x-2"},"modified":"2024-10-01T11:59:11","modified_gmt":"2024-10-01T09:59:11","slug":"mk-t16-x","status":"publish","type":"product","link":"https:\/\/www.ct-chemie.ch\/fr\/produit\/mk-t16-x\/","title":{"rendered":"MK T16 X"},"content":{"rendered":"<p>Pistolet professionnel robuste \u00e0 air comprim\u00e9, pour des cartouches jusqu\u2018\u00e0 310 ml. Pression r\u00e9glable en continu.<\/p>\n","protected":false},"excerpt":{"rendered":"<p>Pistolet professionnel robuste \u00e0 air comprim\u00e9 pour des cartouches jusqu&rsquo;\u00e0 310 ml<\/p>\n","protected":false},"featured_media":1704,"comment_status":"closed","ping_status":"closed","template":"","meta":{"_acf_changed":false},"product_cat":[166],"product_tag":[],"class_list":{"0":"post-4084","1":"product","2":"type-product","3":"status-publish","4":"has-post-thumbnail","6":"product_cat-pistolets-pour-silicones","8":"first","9":"instock","10":"taxable","11":"shipping-taxable","12":"purchasable","13":"product-type-simple"},"acf":[],"_links":{"self":[{"href":"https:\/\/www.ct-chemie.ch\/fr\/wp-json\/wp\/v2\/product\/4084","targetHints":{"allow":["GET"]}}],"collection":[{"href":"https:\/\/www.ct-chemie.ch\/fr\/wp-json\/wp\/v2\/product"}],"about":[{"href":"https:\/\/www.ct-chemie.ch\/fr\/wp-json\/wp\/v2\/types\/product"}],"replies":[{"embeddable":true,"href":"https:\/\/www.ct-chemie.ch\/fr\/wp-json\/wp\/v2\/comments?post=4084"}],"wp:featuredmedia":[{"embeddable":true,"href":"https:\/\/www.ct-chemie.ch\/fr\/wp-json\/wp\/v2\/media\/1704"}],"wp:attachment":[{"href":"https:\/\/www.ct-chemie.ch\/fr\/wp-json\/wp\/v2\/media?parent=4084"}],"wp:term":[{"taxonomy":"product_cat","embeddable":true,"href":"https:\/\/www.ct-chemie.ch\/fr\/wp-json\/wp\/v2\/product_cat?post=4084"},{"taxonomy":"product_tag","embeddable":true,"href":"https:\/\/www.ct-chemie.ch\/fr\/wp-json\/wp\/v2\/product_tag?post=4084"}],"curies":[{"name":"wp","href":"https:\/\/api.w.org\/{rel}","templated":true}]}}