{"id":4093,"date":"2015-06-23T09:16:05","date_gmt":"2015-06-23T09:16:05","guid":{"rendered":"http:\/\/ct-chemie.ch\/?product=cete-sili-ex-2"},"modified":"2026-02-14T14:37:06","modified_gmt":"2026-02-14T13:37:06","slug":"cete-sili-ex","status":"publish","type":"product","link":"https:\/\/www.ct-chemie.ch\/fr\/produit\/cete-sili-ex\/","title":{"rendered":"CeTe Sili-Ex"},"content":{"rendered":"<p class=\"p1\">Produit p\u00e2teux pour enlever des restes de silicone sur la c\u00e9ramique, gr\u00e8s-c\u00e9rames et tous les fonds r\u00e9sistants aux d\u00e9tachants aux solvants. Seulement partiellement applicable \u00e0 la pierre naturelle. Contient du solvant.<\/p>\n<p class=\"p1\">Conditionnement: Flacons avec applicateur, 100 ml.<\/p>\n","protected":false},"excerpt":{"rendered":"<p>Enlever des restes de silicone<\/p>\n","protected":false},"featured_media":34933,"comment_status":"closed","ping_status":"closed","template":"","meta":{"_acf_changed":false},"product_cat":[163],"product_tag":[],"class_list":{"0":"post-4093","1":"product","2":"type-product","3":"status-publish","4":"has-post-thumbnail","6":"product_cat-solvant-categorie","8":"first","9":"instock","10":"taxable","11":"shipping-taxable","12":"purchasable","13":"product-type-simple"},"acf":[],"_links":{"self":[{"href":"https:\/\/www.ct-chemie.ch\/fr\/wp-json\/wp\/v2\/product\/4093","targetHints":{"allow":["GET"]}}],"collection":[{"href":"https:\/\/www.ct-chemie.ch\/fr\/wp-json\/wp\/v2\/product"}],"about":[{"href":"https:\/\/www.ct-chemie.ch\/fr\/wp-json\/wp\/v2\/types\/product"}],"replies":[{"embeddable":true,"href":"https:\/\/www.ct-chemie.ch\/fr\/wp-json\/wp\/v2\/comments?post=4093"}],"wp:featuredmedia":[{"embeddable":true,"href":"https:\/\/www.ct-chemie.ch\/fr\/wp-json\/wp\/v2\/media\/34933"}],"wp:attachment":[{"href":"https:\/\/www.ct-chemie.ch\/fr\/wp-json\/wp\/v2\/media?parent=4093"}],"wp:term":[{"taxonomy":"product_cat","embeddable":true,"href":"https:\/\/www.ct-chemie.ch\/fr\/wp-json\/wp\/v2\/product_cat?post=4093"},{"taxonomy":"product_tag","embeddable":true,"href":"https:\/\/www.ct-chemie.ch\/fr\/wp-json\/wp\/v2\/product_tag?post=4093"}],"curies":[{"name":"wp","href":"https:\/\/api.w.org\/{rel}","templated":true}]}}