{"id":4097,"date":"2015-06-23T09:23:47","date_gmt":"2015-06-23T07:23:47","guid":{"rendered":"http:\/\/ct-chemie.ch\/?product=cete-power-cleaner-2"},"modified":"2026-03-17T14:03:32","modified_gmt":"2026-03-17T13:03:32","slug":"cete-power-cleaner","status":"publish","type":"product","link":"https:\/\/www.ct-chemie.ch\/fr\/produit\/cete-power-cleaner\/","title":{"rendered":"CeTe Power-Cleaner"},"content":{"rendered":"<p>Spray de nettoyage qui ramollit rapidement et efficacement les r\u00e9sidus d\u2019autocollants, masses d\u2019\u00e9tanch\u00e9it\u00e9, huile, graisse et permet de les \u00e9liminer facilement. Le produit peut \u00eatre utilis\u00e9 sur de nombreuses surfaces, telles que la c\u00e9ramique, la pierre naturelle et artificielle, le ciment, le m\u00e9tal et presque toutes les mati\u00e8res plastiques.<\/p>\n<p>Pi\u00e8ce \u00e0: 500 ml<br \/>\nCarton \u00e0: 6 pce<\/p>\n","protected":false},"excerpt":{"rendered":"<p>Spray de nettoyage qui ramollit rapidement et efficacement les r\u00e9sidus d\u2019autocollants etc.<\/p>\n","protected":false},"featured_media":34990,"comment_status":"closed","ping_status":"closed","template":"","meta":{"_acf_changed":false},"product_cat":[163],"product_tag":[],"class_list":{"0":"post-4097","1":"product","2":"type-product","3":"status-publish","4":"has-post-thumbnail","6":"product_cat-solvant-categorie","8":"first","9":"instock","10":"taxable","11":"shipping-taxable","12":"purchasable","13":"product-type-variable"},"acf":[],"_links":{"self":[{"href":"https:\/\/www.ct-chemie.ch\/fr\/wp-json\/wp\/v2\/product\/4097","targetHints":{"allow":["GET"]}}],"collection":[{"href":"https:\/\/www.ct-chemie.ch\/fr\/wp-json\/wp\/v2\/product"}],"about":[{"href":"https:\/\/www.ct-chemie.ch\/fr\/wp-json\/wp\/v2\/types\/product"}],"replies":[{"embeddable":true,"href":"https:\/\/www.ct-chemie.ch\/fr\/wp-json\/wp\/v2\/comments?post=4097"}],"wp:featuredmedia":[{"embeddable":true,"href":"https:\/\/www.ct-chemie.ch\/fr\/wp-json\/wp\/v2\/media\/34990"}],"wp:attachment":[{"href":"https:\/\/www.ct-chemie.ch\/fr\/wp-json\/wp\/v2\/media?parent=4097"}],"wp:term":[{"taxonomy":"product_cat","embeddable":true,"href":"https:\/\/www.ct-chemie.ch\/fr\/wp-json\/wp\/v2\/product_cat?post=4097"},{"taxonomy":"product_tag","embeddable":true,"href":"https:\/\/www.ct-chemie.ch\/fr\/wp-json\/wp\/v2\/product_tag?post=4097"}],"curies":[{"name":"wp","href":"https:\/\/api.w.org\/{rel}","templated":true}]}}