{"id":4107,"date":"2015-06-23T09:38:14","date_gmt":"2015-06-23T07:38:14","guid":{"rendered":"http:\/\/ct-chemie.ch\/?product=nettoyant-a"},"modified":"2026-03-17T13:56:57","modified_gmt":"2026-03-17T12:56:57","slug":"nettoyant-a","status":"publish","type":"product","link":"https:\/\/www.ct-chemie.ch\/fr\/produit\/nettoyant-a\/","title":{"rendered":"Nettoyant A"},"content":{"rendered":"<p>D\u00e9tergent s\u2018\u00e9vaporant rapidement, sur base d\u2018ac\u00e9tone pur pour le d\u00e9graissage et le nettoyage de la c\u00e9ramique, verre, m\u00e9tal, instruments de travail etc. Attaque surfaces plastifi\u00e9e ou les fonds color\u00e9s ou vernis. Ne pas utiliser sur du marbre poli ou adouci. Facilement inflammable.<\/p>\n<p>Pi\u00e8ce \u00e0: 1 l<br \/>\nCarton \u00e0: 14 pce<\/p>\n","protected":false},"excerpt":{"rendered":"<p>D\u00e9tergent sur la base d\u2018ac\u00e9tone<\/p>\n","protected":false},"featured_media":35142,"comment_status":"closed","ping_status":"closed","template":"","meta":{"_acf_changed":false},"product_cat":[163],"product_tag":[],"class_list":{"0":"post-4107","1":"product","2":"type-product","3":"status-publish","4":"has-post-thumbnail","6":"product_cat-solvant-categorie","8":"first","9":"instock","10":"taxable","11":"shipping-taxable","12":"purchasable","13":"product-type-variable"},"acf":[],"_links":{"self":[{"href":"https:\/\/www.ct-chemie.ch\/fr\/wp-json\/wp\/v2\/product\/4107","targetHints":{"allow":["GET"]}}],"collection":[{"href":"https:\/\/www.ct-chemie.ch\/fr\/wp-json\/wp\/v2\/product"}],"about":[{"href":"https:\/\/www.ct-chemie.ch\/fr\/wp-json\/wp\/v2\/types\/product"}],"replies":[{"embeddable":true,"href":"https:\/\/www.ct-chemie.ch\/fr\/wp-json\/wp\/v2\/comments?post=4107"}],"wp:featuredmedia":[{"embeddable":true,"href":"https:\/\/www.ct-chemie.ch\/fr\/wp-json\/wp\/v2\/media\/35142"}],"wp:attachment":[{"href":"https:\/\/www.ct-chemie.ch\/fr\/wp-json\/wp\/v2\/media?parent=4107"}],"wp:term":[{"taxonomy":"product_cat","embeddable":true,"href":"https:\/\/www.ct-chemie.ch\/fr\/wp-json\/wp\/v2\/product_cat?post=4107"},{"taxonomy":"product_tag","embeddable":true,"href":"https:\/\/www.ct-chemie.ch\/fr\/wp-json\/wp\/v2\/product_tag?post=4107"}],"curies":[{"name":"wp","href":"https:\/\/api.w.org\/{rel}","templated":true}]}}