{"id":4121,"date":"2015-06-23T11:04:08","date_gmt":"2015-06-23T09:04:08","guid":{"rendered":"http:\/\/ct-chemie.ch\/?product=nettoyant-p"},"modified":"2026-03-17T14:00:08","modified_gmt":"2026-03-17T13:00:08","slug":"nettoyant-p","status":"publish","type":"product","link":"https:\/\/www.ct-chemie.ch\/fr\/produit\/nettoyant-p\/","title":{"rendered":"Nettoyant P"},"content":{"rendered":"<p>D\u00e9tergent m\u00e9nageant, s\u2018\u00e9vaporant lentement sur la base d\u2018alcool isopr\u00e8ne. Pour la c\u00e9ramique, pierre naturelle, verre, m\u00e9tal, surfaces plastifi\u00e9e, instruments de travail etc. Facilement inflammable.<\/p>\n<p>Pi\u00e8ce \u00e0: 1 l<br \/>\nCarton \u00e0: 14 pce<\/p>\n","protected":false},"excerpt":{"rendered":"<p>D\u00e9tergent sur la base de l\u2018alcool isopr\u00e8ne<\/p>\n","protected":false},"featured_media":35145,"comment_status":"closed","ping_status":"closed","template":"","meta":{"_acf_changed":false},"product_cat":[163],"product_tag":[],"class_list":{"0":"post-4121","1":"product","2":"type-product","3":"status-publish","4":"has-post-thumbnail","6":"product_cat-solvant-categorie","8":"first","9":"instock","10":"taxable","11":"shipping-taxable","12":"purchasable","13":"product-type-variable"},"acf":[],"_links":{"self":[{"href":"https:\/\/www.ct-chemie.ch\/fr\/wp-json\/wp\/v2\/product\/4121","targetHints":{"allow":["GET"]}}],"collection":[{"href":"https:\/\/www.ct-chemie.ch\/fr\/wp-json\/wp\/v2\/product"}],"about":[{"href":"https:\/\/www.ct-chemie.ch\/fr\/wp-json\/wp\/v2\/types\/product"}],"replies":[{"embeddable":true,"href":"https:\/\/www.ct-chemie.ch\/fr\/wp-json\/wp\/v2\/comments?post=4121"}],"wp:featuredmedia":[{"embeddable":true,"href":"https:\/\/www.ct-chemie.ch\/fr\/wp-json\/wp\/v2\/media\/35145"}],"wp:attachment":[{"href":"https:\/\/www.ct-chemie.ch\/fr\/wp-json\/wp\/v2\/media?parent=4121"}],"wp:term":[{"taxonomy":"product_cat","embeddable":true,"href":"https:\/\/www.ct-chemie.ch\/fr\/wp-json\/wp\/v2\/product_cat?post=4121"},{"taxonomy":"product_tag","embeddable":true,"href":"https:\/\/www.ct-chemie.ch\/fr\/wp-json\/wp\/v2\/product_tag?post=4121"}],"curies":[{"name":"wp","href":"https:\/\/api.w.org\/{rel}","templated":true}]}}