{"id":4147,"date":"2015-06-23T11:13:27","date_gmt":"2015-06-23T09:13:27","guid":{"rendered":"http:\/\/ct-chemie.ch\/?product=diluant-nitro-diluant-de-nettoyage-diluant-universel"},"modified":"2024-10-01T12:13:16","modified_gmt":"2024-10-01T10:13:16","slug":"diluant-nitro-diluant-de-nettoyage-diluant-universel","status":"publish","type":"product","link":"https:\/\/www.ct-chemie.ch\/fr\/produit\/diluant-nitro-diluant-de-nettoyage-diluant-universel\/","title":{"rendered":"Diluant nitro"},"content":{"rendered":"<p>Nettoyant polyvalent \u00e0 base de solvant adapt\u00e9 au nettoyage et au d\u00e9graissage des taches de peinture, des instument de travail, des pistolets pulv\u00e9risateurs, des pinceaux et \u00e0 la dilution des peintures \u00e0 base de solvant.<\/p>\n","protected":false},"excerpt":{"rendered":"<p>Nettoyant polyvalent \u00e0 base de solvant<\/p>\n","protected":false},"featured_media":35139,"comment_status":"closed","ping_status":"closed","template":"","meta":{"_acf_changed":false},"product_cat":[163],"product_tag":[],"class_list":{"0":"post-4147","1":"product","2":"type-product","3":"status-publish","4":"has-post-thumbnail","6":"product_cat-solvant-categorie","8":"first","9":"instock","10":"taxable","11":"shipping-taxable","12":"purchasable","13":"product-type-variable"},"acf":[],"_links":{"self":[{"href":"https:\/\/www.ct-chemie.ch\/fr\/wp-json\/wp\/v2\/product\/4147","targetHints":{"allow":["GET"]}}],"collection":[{"href":"https:\/\/www.ct-chemie.ch\/fr\/wp-json\/wp\/v2\/product"}],"about":[{"href":"https:\/\/www.ct-chemie.ch\/fr\/wp-json\/wp\/v2\/types\/product"}],"replies":[{"embeddable":true,"href":"https:\/\/www.ct-chemie.ch\/fr\/wp-json\/wp\/v2\/comments?post=4147"}],"wp:featuredmedia":[{"embeddable":true,"href":"https:\/\/www.ct-chemie.ch\/fr\/wp-json\/wp\/v2\/media\/35139"}],"wp:attachment":[{"href":"https:\/\/www.ct-chemie.ch\/fr\/wp-json\/wp\/v2\/media?parent=4147"}],"wp:term":[{"taxonomy":"product_cat","embeddable":true,"href":"https:\/\/www.ct-chemie.ch\/fr\/wp-json\/wp\/v2\/product_cat?post=4147"},{"taxonomy":"product_tag","embeddable":true,"href":"https:\/\/www.ct-chemie.ch\/fr\/wp-json\/wp\/v2\/product_tag?post=4147"}],"curies":[{"name":"wp","href":"https:\/\/api.w.org\/{rel}","templated":true}]}}