{"id":4165,"date":"2015-06-23T11:35:34","date_gmt":"2015-06-23T09:35:34","guid":{"rendered":"http:\/\/ct-chemie.ch\/?product=epoxiclean-liquide-2"},"modified":"2026-02-17T15:12:14","modified_gmt":"2026-02-17T14:12:14","slug":"epoxiclean-liquide","status":"publish","type":"product","link":"https:\/\/www.ct-chemie.ch\/fr\/produit\/epoxiclean-liquide\/","title":{"rendered":"EpoxiClean Liquide"},"content":{"rendered":"<p>D\u00e9tergents liquide \u00e0 base d\u2019acide, destin\u00e9 \u00e0 l\u2019\u00e9limination des voiles de r\u00e9sine \u00e9poxy. Permet la suppression des voiles de lavage s\u00e9ch\u00e9s et durcis contenant la r\u00e9sine \u00e9poxy sur des surfaces r\u00e9sistants aux acides en c\u00e9ramique. Cette operation est possible le jour suivant du jointoiement et dans les 10 jours suivants.<\/p>\n<p>Rendement: env. 20\u2013100 ml par 10 l d\u2019eau froide.<\/p>\n<p>Pi\u00e8ce\u00a0\u00e0: 1l<br \/>\nCarton \u00e0: 12 pce<\/p>\n<p>Pi\u00e8ce\u00a0\u00e0: 5l<br \/>\nCarton \u00e0: 2 pce<\/p>\n","protected":false},"excerpt":{"rendered":"<p>Nettoyant destin\u00e9 \u00e0 l\u2019\u00e9limination des voiles de r\u00e9sine \u00e9poxy<\/p>\n","protected":false},"featured_media":34945,"comment_status":"closed","ping_status":"closed","template":"","meta":{"_acf_changed":false},"product_cat":[157],"product_tag":[],"class_list":{"0":"post-4165","1":"product","2":"type-product","3":"status-publish","4":"has-post-thumbnail","6":"product_cat-nettoyants-depoxyde-categorie","8":"first","9":"instock","10":"taxable","11":"shipping-taxable","12":"purchasable","13":"product-type-variable"},"acf":[],"_links":{"self":[{"href":"https:\/\/www.ct-chemie.ch\/fr\/wp-json\/wp\/v2\/product\/4165","targetHints":{"allow":["GET"]}}],"collection":[{"href":"https:\/\/www.ct-chemie.ch\/fr\/wp-json\/wp\/v2\/product"}],"about":[{"href":"https:\/\/www.ct-chemie.ch\/fr\/wp-json\/wp\/v2\/types\/product"}],"replies":[{"embeddable":true,"href":"https:\/\/www.ct-chemie.ch\/fr\/wp-json\/wp\/v2\/comments?post=4165"}],"wp:featuredmedia":[{"embeddable":true,"href":"https:\/\/www.ct-chemie.ch\/fr\/wp-json\/wp\/v2\/media\/34945"}],"wp:attachment":[{"href":"https:\/\/www.ct-chemie.ch\/fr\/wp-json\/wp\/v2\/media?parent=4165"}],"wp:term":[{"taxonomy":"product_cat","embeddable":true,"href":"https:\/\/www.ct-chemie.ch\/fr\/wp-json\/wp\/v2\/product_cat?post=4165"},{"taxonomy":"product_tag","embeddable":true,"href":"https:\/\/www.ct-chemie.ch\/fr\/wp-json\/wp\/v2\/product_tag?post=4165"}],"curies":[{"name":"wp","href":"https:\/\/api.w.org\/{rel}","templated":true}]}}