{"id":4187,"date":"2015-06-23T12:12:49","date_gmt":"2015-06-23T10:12:49","guid":{"rendered":"http:\/\/ct-chemie.ch\/?product=cetebond-100-2"},"modified":"2026-04-14T12:16:44","modified_gmt":"2026-04-14T10:16:44","slug":"cetebond-120","status":"publish","type":"product","link":"https:\/\/www.ct-chemie.ch\/fr\/produit\/cetebond-120\/","title":{"rendered":"CeTeBond 120"},"content":{"rendered":"<p><strong>Moussse de montage PU Combi<\/strong><\/p>\n<p>La mousse combin\u00e9e monocomposante sur base de polyur\u00e9thane peut \u00eatre trait\u00e9e avec un adaptateur (tube) ou un pistolet. La mousse est apt\u00e9 pour le remplissage et montage. Ass\u00e8che l\u2018humidit\u00e9 atmosph\u00e9rique.<\/p>\n<p>Peut \u00eatre coup\u00e9 apr\u00e8s env. 20\u201340 minutes<\/p>\n<p>Rendement: env. 45 l<\/p>\n<p>Conditionnement: 750 ml<\/p>\n<p>Pi\u00e8ce \u00e0:\u00a0750\u00a0ml<br \/>\nCarton \u00e0:\u00a012 pce<\/p>\n","protected":false},"excerpt":{"rendered":"<p>Moussse de montage PU Combi<\/p>\n","protected":false},"featured_media":34951,"comment_status":"closed","ping_status":"closed","template":"","meta":{"_acf_changed":false},"product_cat":[1449],"product_tag":[],"class_list":{"0":"post-4187","1":"product","2":"type-product","3":"status-publish","4":"has-post-thumbnail","6":"product_cat-mousse-de-montage-accessoires","8":"first","9":"instock","10":"taxable","11":"shipping-taxable","12":"purchasable","13":"product-type-variable"},"acf":[],"_links":{"self":[{"href":"https:\/\/www.ct-chemie.ch\/fr\/wp-json\/wp\/v2\/product\/4187","targetHints":{"allow":["GET"]}}],"collection":[{"href":"https:\/\/www.ct-chemie.ch\/fr\/wp-json\/wp\/v2\/product"}],"about":[{"href":"https:\/\/www.ct-chemie.ch\/fr\/wp-json\/wp\/v2\/types\/product"}],"replies":[{"embeddable":true,"href":"https:\/\/www.ct-chemie.ch\/fr\/wp-json\/wp\/v2\/comments?post=4187"}],"wp:featuredmedia":[{"embeddable":true,"href":"https:\/\/www.ct-chemie.ch\/fr\/wp-json\/wp\/v2\/media\/34951"}],"wp:attachment":[{"href":"https:\/\/www.ct-chemie.ch\/fr\/wp-json\/wp\/v2\/media?parent=4187"}],"wp:term":[{"taxonomy":"product_cat","embeddable":true,"href":"https:\/\/www.ct-chemie.ch\/fr\/wp-json\/wp\/v2\/product_cat?post=4187"},{"taxonomy":"product_tag","embeddable":true,"href":"https:\/\/www.ct-chemie.ch\/fr\/wp-json\/wp\/v2\/product_tag?post=4187"}],"curies":[{"name":"wp","href":"https:\/\/api.w.org\/{rel}","templated":true}]}}