{"id":4195,"date":"2015-06-23T12:30:50","date_gmt":"2015-06-23T10:30:50","guid":{"rendered":"http:\/\/ct-chemie.ch\/?product=cetebond-200-2"},"modified":"2026-04-14T12:47:43","modified_gmt":"2026-04-14T10:47:43","slug":"cetebond-200","status":"publish","type":"product","link":"https:\/\/www.ct-chemie.ch\/fr\/produit\/cetebond-200\/","title":{"rendered":"CeTeBond 200"},"content":{"rendered":"<p><strong>Mousse de montage bi-composant<\/strong><\/p>\n<p class=\"p1\">Mousse \u00e0 bi-composant de remplissage et montage sur base de polyur\u00e9thane destin\u00e9e au montage d\u2019encadrements de porte, des baignoires etc. Durcissement g\u00e9n\u00e9ral et contr\u00f4l\u00e9, ne comprime pas.<\/p>\n<p class=\"p1\">Rendement: env.13 l<\/p>\n<p>Pi\u00e8ce \u00e0:\u00a0400 ml<br \/>\nCarton \u00e0:\u00a012 pce<\/p>\n<p><iframe loading=\"lazy\" title=\"Video-Anleitung CeTeBond 200\" width=\"980\" height=\"551\" src=\"https:\/\/www.youtube.com\/embed\/O6UCTEGWYsU?feature=oembed\" frameborder=\"0\" allow=\"accelerometer; autoplay; clipboard-write; encrypted-media; gyroscope; picture-in-picture; web-share\" referrerpolicy=\"strict-origin-when-cross-origin\" allowfullscreen><\/iframe><\/p>\n","protected":false},"excerpt":{"rendered":"<p>Mousse \u00e0 bi-composant de remplissage et montage<\/p>\n","protected":false},"featured_media":34954,"comment_status":"closed","ping_status":"closed","template":"","meta":{"_acf_changed":false},"product_cat":[1449],"product_tag":[],"class_list":{"0":"post-4195","1":"product","2":"type-product","3":"status-publish","4":"has-post-thumbnail","6":"product_cat-mousse-de-montage-accessoires","8":"first","9":"instock","10":"taxable","11":"shipping-taxable","12":"purchasable","13":"product-type-variable"},"acf":[],"_links":{"self":[{"href":"https:\/\/www.ct-chemie.ch\/fr\/wp-json\/wp\/v2\/product\/4195","targetHints":{"allow":["GET"]}}],"collection":[{"href":"https:\/\/www.ct-chemie.ch\/fr\/wp-json\/wp\/v2\/product"}],"about":[{"href":"https:\/\/www.ct-chemie.ch\/fr\/wp-json\/wp\/v2\/types\/product"}],"replies":[{"embeddable":true,"href":"https:\/\/www.ct-chemie.ch\/fr\/wp-json\/wp\/v2\/comments?post=4195"}],"wp:featuredmedia":[{"embeddable":true,"href":"https:\/\/www.ct-chemie.ch\/fr\/wp-json\/wp\/v2\/media\/34954"}],"wp:attachment":[{"href":"https:\/\/www.ct-chemie.ch\/fr\/wp-json\/wp\/v2\/media?parent=4195"}],"wp:term":[{"taxonomy":"product_cat","embeddable":true,"href":"https:\/\/www.ct-chemie.ch\/fr\/wp-json\/wp\/v2\/product_cat?post=4195"},{"taxonomy":"product_tag","embeddable":true,"href":"https:\/\/www.ct-chemie.ch\/fr\/wp-json\/wp\/v2\/product_tag?post=4195"}],"curies":[{"name":"wp","href":"https:\/\/api.w.org\/{rel}","templated":true}]}}