{"id":4216,"date":"2015-06-23T14:10:45","date_gmt":"2015-06-23T12:10:45","guid":{"rendered":"http:\/\/ct-chemie.ch\/?product=pistolet-a-mousse-lite-plus"},"modified":"2026-04-17T13:57:09","modified_gmt":"2026-04-17T11:57:09","slug":"cete-750","status":"publish","type":"product","link":"https:\/\/www.ct-chemie.ch\/fr\/produit\/cete-750\/","title":{"rendered":"CeTe 750"},"content":{"rendered":"<p>Pistolet pour mousse en m\u00e9tal, haute qualit\u00e9, avec adaptateur de dosage \u00e0 rev\u00eatement anti-adh\u00e9rent, aiguille de dosage et tube de pistolet \u00e9tag\u00e9 pour une meilleure stabilit\u00e9. Ecoulement optimis\u00e9 de la mousse. Poign\u00e9e en caoutchouc, g\u00e2chette et vis de r\u00e9gulation en m\u00e9tal.<\/p>\n","protected":false},"excerpt":{"rendered":"<p>Pistolet pour mousse en m\u00e9tal, haute qualit\u00e9<\/p>\n","protected":false},"featured_media":28748,"comment_status":"closed","ping_status":"closed","template":"","meta":{"_acf_changed":false},"product_cat":[1449,1592],"product_tag":[],"class_list":{"0":"post-4216","1":"product","2":"type-product","3":"status-publish","4":"has-post-thumbnail","6":"product_cat-mousse-de-montage-accessoires","7":"product_cat-privat","9":"first","10":"instock","11":"taxable","12":"shipping-taxable","13":"purchasable","14":"product-type-simple"},"acf":[],"_links":{"self":[{"href":"https:\/\/www.ct-chemie.ch\/fr\/wp-json\/wp\/v2\/product\/4216","targetHints":{"allow":["GET"]}}],"collection":[{"href":"https:\/\/www.ct-chemie.ch\/fr\/wp-json\/wp\/v2\/product"}],"about":[{"href":"https:\/\/www.ct-chemie.ch\/fr\/wp-json\/wp\/v2\/types\/product"}],"replies":[{"embeddable":true,"href":"https:\/\/www.ct-chemie.ch\/fr\/wp-json\/wp\/v2\/comments?post=4216"}],"wp:featuredmedia":[{"embeddable":true,"href":"https:\/\/www.ct-chemie.ch\/fr\/wp-json\/wp\/v2\/media\/28748"}],"wp:attachment":[{"href":"https:\/\/www.ct-chemie.ch\/fr\/wp-json\/wp\/v2\/media?parent=4216"}],"wp:term":[{"taxonomy":"product_cat","embeddable":true,"href":"https:\/\/www.ct-chemie.ch\/fr\/wp-json\/wp\/v2\/product_cat?post=4216"},{"taxonomy":"product_tag","embeddable":true,"href":"https:\/\/www.ct-chemie.ch\/fr\/wp-json\/wp\/v2\/product_tag?post=4216"}],"curies":[{"name":"wp","href":"https:\/\/api.w.org\/{rel}","templated":true}]}}