{"id":4376,"date":"2015-06-24T08:34:23","date_gmt":"2015-06-24T06:34:23","guid":{"rendered":"http:\/\/ct-chemie.ch\/?product=cetefloor-easy-2"},"modified":"2025-03-31T15:52:07","modified_gmt":"2025-03-31T13:52:07","slug":"cetefloor-easy","status":"publish","type":"product","link":"https:\/\/www.ct-chemie.ch\/fr\/produit\/cetefloor-easy\/","title":{"rendered":"CeTeFloor Easy"},"content":{"rendered":"<p>Tissu non tiss\u00e9 antiglisse et imperm\u00e9able pour la protection des infrastructures contre des influences m\u00e9caniques.<\/p>\n<p>Poids: 180 g\/m2<\/p>\n<p>Pi\u00e8ce\u00a0\u00e0: 1 m x 50 m<br \/>\nPalette \u00e0: 30 pce<\/p>\n","protected":false},"excerpt":{"rendered":"<p>Tissu non tiss\u00e9 antiglisse et imperm\u00e9able pour la protection des infrastructures \/ Poids: 180 g\/m2<\/p>\n","protected":false},"featured_media":4508,"comment_status":"closed","ping_status":"closed","template":"","meta":{"_acf_changed":false},"product_cat":[153],"product_tag":[],"class_list":{"0":"post-4376","1":"product","2":"type-product","3":"status-publish","4":"has-post-thumbnail","6":"product_cat-materiel-de-protection-categorie","8":"first","9":"instock","10":"taxable","11":"shipping-taxable","12":"purchasable","13":"product-type-simple"},"acf":[],"_links":{"self":[{"href":"https:\/\/www.ct-chemie.ch\/fr\/wp-json\/wp\/v2\/product\/4376","targetHints":{"allow":["GET"]}}],"collection":[{"href":"https:\/\/www.ct-chemie.ch\/fr\/wp-json\/wp\/v2\/product"}],"about":[{"href":"https:\/\/www.ct-chemie.ch\/fr\/wp-json\/wp\/v2\/types\/product"}],"replies":[{"embeddable":true,"href":"https:\/\/www.ct-chemie.ch\/fr\/wp-json\/wp\/v2\/comments?post=4376"}],"wp:featuredmedia":[{"embeddable":true,"href":"https:\/\/www.ct-chemie.ch\/fr\/wp-json\/wp\/v2\/media\/4508"}],"wp:attachment":[{"href":"https:\/\/www.ct-chemie.ch\/fr\/wp-json\/wp\/v2\/media?parent=4376"}],"wp:term":[{"taxonomy":"product_cat","embeddable":true,"href":"https:\/\/www.ct-chemie.ch\/fr\/wp-json\/wp\/v2\/product_cat?post=4376"},{"taxonomy":"product_tag","embeddable":true,"href":"https:\/\/www.ct-chemie.ch\/fr\/wp-json\/wp\/v2\/product_tag?post=4376"}],"curies":[{"name":"wp","href":"https:\/\/api.w.org\/{rel}","templated":true}]}}