{"id":4383,"date":"2015-06-24T08:51:14","date_gmt":"2015-06-24T06:51:14","guid":{"rendered":"http:\/\/ct-chemie.ch\/?post_type=product&#038;p=4383"},"modified":"2025-03-31T15:54:40","modified_gmt":"2025-03-31T13:54:40","slug":"cetefloor-plus","status":"publish","type":"product","link":"https:\/\/www.ct-chemie.ch\/fr\/produit\/cetefloor-plus\/","title":{"rendered":"CeTeFloor Plus"},"content":{"rendered":"<p class=\"p1\">Tissu non tiss\u00e9 antiglisse respirant et imperm\u00e9able pour la protection des rev\u00eatements du sol sous forme de pierre naturelle et parquet, contre des influences m\u00e9caniques. Les rev\u00eatements en pierre naturelle fra\u00eechement pos\u00e9s ne doivent pas \u00eatre recouverts pendant au moins 2 jours. Attention en pr\u00e9sence de pierres naturelles \u00e0 forte absorbation.<\/p>\n<p>Poids: 160 g\/m2<\/p>\n<p>Pi\u00e8ce \u00e0: 1 m x 50 m<br \/>\nPalette \u00e0: 30 pce<\/p>\n","protected":false},"excerpt":{"rendered":"<p>Toison antiglisse respirant et imperm\u00e9able \/ Poids: 160 g\/m2<\/p>\n","protected":false},"featured_media":10596,"comment_status":"closed","ping_status":"closed","template":"","meta":{"_acf_changed":false},"product_cat":[153],"product_tag":[],"class_list":{"0":"post-4383","1":"product","2":"type-product","3":"status-publish","4":"has-post-thumbnail","6":"product_cat-materiel-de-protection-categorie","8":"first","9":"instock","10":"taxable","11":"shipping-taxable","12":"purchasable","13":"product-type-simple"},"acf":[],"_links":{"self":[{"href":"https:\/\/www.ct-chemie.ch\/fr\/wp-json\/wp\/v2\/product\/4383","targetHints":{"allow":["GET"]}}],"collection":[{"href":"https:\/\/www.ct-chemie.ch\/fr\/wp-json\/wp\/v2\/product"}],"about":[{"href":"https:\/\/www.ct-chemie.ch\/fr\/wp-json\/wp\/v2\/types\/product"}],"replies":[{"embeddable":true,"href":"https:\/\/www.ct-chemie.ch\/fr\/wp-json\/wp\/v2\/comments?post=4383"}],"wp:featuredmedia":[{"embeddable":true,"href":"https:\/\/www.ct-chemie.ch\/fr\/wp-json\/wp\/v2\/media\/10596"}],"wp:attachment":[{"href":"https:\/\/www.ct-chemie.ch\/fr\/wp-json\/wp\/v2\/media?parent=4383"}],"wp:term":[{"taxonomy":"product_cat","embeddable":true,"href":"https:\/\/www.ct-chemie.ch\/fr\/wp-json\/wp\/v2\/product_cat?post=4383"},{"taxonomy":"product_tag","embeddable":true,"href":"https:\/\/www.ct-chemie.ch\/fr\/wp-json\/wp\/v2\/product_tag?post=4383"}],"curies":[{"name":"wp","href":"https:\/\/api.w.org\/{rel}","templated":true}]}}