{"id":4440,"date":"2015-06-24T12:43:40","date_gmt":"2015-06-24T10:43:40","guid":{"rendered":"http:\/\/ct-chemie.ch\/?product=cetefix-200-2"},"modified":"2026-01-27T17:42:28","modified_gmt":"2026-01-27T16:42:28","slug":"cetefix-200","status":"publish","type":"product","link":"https:\/\/www.ct-chemie.ch\/fr\/produit\/cetefix-200\/","title":{"rendered":"CeTeFix 200"},"content":{"rendered":"<p>Le bon ruban de masquage \u00e0 emploi multiple pour peintres, d\u00e9tachable sans r\u00e9sidu dans d\u00e9lai de 1\u20133 jours. Papier beige. R\u00e9sistance \u00e0 la temp\u00e9rature jusqu\u2019\u00e0 60\u00b0 C. Ne convient pas pour pierre naturelle.<\/p>\n<p>Dimensions:<br \/>\n19 mm, Pi\u00e8ce\u00a0\u00e0: 50 m, Carton \u00e0: 48 pce<br \/>\n25 mm, Pi\u00e8ce\u00a0\u00e0: 50 m, Carton \u00e0: 36 pce<br \/>\n30 mm, Pi\u00e8ce\u00a0\u00e0: 50 m, Carton \u00e0: 32 pce<br \/>\n38 mm, Pi\u00e8ce\u00a0\u00e0: 50 m, Carton \u00e0: 24 pce<br \/>\n50 mm, Pi\u00e8ce\u00a0\u00e0: 50 m, Carton \u00e0: 24\u00a0pce<\/p>\n","protected":false},"excerpt":{"rendered":"<p>Ruban de masquage<\/p>\n","protected":false},"featured_media":34968,"comment_status":"closed","ping_status":"closed","template":"","meta":{"_acf_changed":false},"product_cat":[153],"product_tag":[],"class_list":{"0":"post-4440","1":"product","2":"type-product","3":"status-publish","4":"has-post-thumbnail","6":"product_cat-materiel-de-protection-categorie","8":"first","9":"instock","10":"taxable","11":"shipping-taxable","12":"purchasable","13":"product-type-variable"},"acf":[],"_links":{"self":[{"href":"https:\/\/www.ct-chemie.ch\/fr\/wp-json\/wp\/v2\/product\/4440","targetHints":{"allow":["GET"]}}],"collection":[{"href":"https:\/\/www.ct-chemie.ch\/fr\/wp-json\/wp\/v2\/product"}],"about":[{"href":"https:\/\/www.ct-chemie.ch\/fr\/wp-json\/wp\/v2\/types\/product"}],"replies":[{"embeddable":true,"href":"https:\/\/www.ct-chemie.ch\/fr\/wp-json\/wp\/v2\/comments?post=4440"}],"wp:featuredmedia":[{"embeddable":true,"href":"https:\/\/www.ct-chemie.ch\/fr\/wp-json\/wp\/v2\/media\/34968"}],"wp:attachment":[{"href":"https:\/\/www.ct-chemie.ch\/fr\/wp-json\/wp\/v2\/media?parent=4440"}],"wp:term":[{"taxonomy":"product_cat","embeddable":true,"href":"https:\/\/www.ct-chemie.ch\/fr\/wp-json\/wp\/v2\/product_cat?post=4440"},{"taxonomy":"product_tag","embeddable":true,"href":"https:\/\/www.ct-chemie.ch\/fr\/wp-json\/wp\/v2\/product_tag?post=4440"}],"curies":[{"name":"wp","href":"https:\/\/api.w.org\/{rel}","templated":true}]}}