{"id":4455,"date":"2015-06-24T12:55:11","date_gmt":"2015-06-24T10:55:11","guid":{"rendered":"http:\/\/ct-chemie.ch\/?product=cetefix-260-2"},"modified":"2026-01-27T17:49:57","modified_gmt":"2026-01-27T16:49:57","slug":"cetefix-260","status":"publish","type":"product","link":"https:\/\/www.ct-chemie.ch\/fr\/produit\/cetefix-260\/","title":{"rendered":"CeTeFix 260"},"content":{"rendered":"<p>Ruban de masquage \u00e0 long terme fin pour les travaux de peinture et de pl\u00e2trerie. Pour la couverture avec des bords nets. Bande de papier or, r\u00e9sistante aux charges UV et \u00e0 la temp\u00e9rature jusqu\u2019\u00e0 80\u00b0 C. D\u00e9tachable sans r\u00e9sidu dans d\u00e9lai de 3 mois. Ne convient pas pour des surfaces en aluminium anodis\u00e9 et pierre naturelle.<\/p>\n<p>Dimensions:<br \/>\n19 mm, Pi\u00e8ce\u00a0\u00e0: 50 m, Carton\u00a0\u00e0: 48 pce<br \/>\n25 mm, Pi\u00e8ce\u00a0\u00e0: 50 m, Carton \u00e0: 36 pce<br \/>\n30 mm, Pi\u00e8ce\u00a0\u00e0: 50 m, Carton \u00e0: 32 pce<br \/>\n38 mm, Pi\u00e8ce\u00a0\u00e0: 50 m, Carton \u00e0: 24 pce<br \/>\n50 mm, Pi\u00e8ce\u00a0\u00e0: 50 m, Carton \u00e0: 24\u00a0pce<\/p>\n","protected":false},"excerpt":{"rendered":"<p>Ruban de masquage longue terme<\/p>\n","protected":false},"featured_media":34972,"comment_status":"closed","ping_status":"closed","template":"","meta":{"_acf_changed":false},"product_cat":[153],"product_tag":[],"class_list":{"0":"post-4455","1":"product","2":"type-product","3":"status-publish","4":"has-post-thumbnail","6":"product_cat-materiel-de-protection-categorie","8":"first","9":"instock","10":"taxable","11":"shipping-taxable","12":"purchasable","13":"product-type-variable"},"acf":[],"_links":{"self":[{"href":"https:\/\/www.ct-chemie.ch\/fr\/wp-json\/wp\/v2\/product\/4455","targetHints":{"allow":["GET"]}}],"collection":[{"href":"https:\/\/www.ct-chemie.ch\/fr\/wp-json\/wp\/v2\/product"}],"about":[{"href":"https:\/\/www.ct-chemie.ch\/fr\/wp-json\/wp\/v2\/types\/product"}],"replies":[{"embeddable":true,"href":"https:\/\/www.ct-chemie.ch\/fr\/wp-json\/wp\/v2\/comments?post=4455"}],"wp:featuredmedia":[{"embeddable":true,"href":"https:\/\/www.ct-chemie.ch\/fr\/wp-json\/wp\/v2\/media\/34972"}],"wp:attachment":[{"href":"https:\/\/www.ct-chemie.ch\/fr\/wp-json\/wp\/v2\/media?parent=4455"}],"wp:term":[{"taxonomy":"product_cat","embeddable":true,"href":"https:\/\/www.ct-chemie.ch\/fr\/wp-json\/wp\/v2\/product_cat?post=4455"},{"taxonomy":"product_tag","embeddable":true,"href":"https:\/\/www.ct-chemie.ch\/fr\/wp-json\/wp\/v2\/product_tag?post=4455"}],"curies":[{"name":"wp","href":"https:\/\/api.w.org\/{rel}","templated":true}]}}