{"id":4469,"date":"2015-06-24T13:09:34","date_gmt":"2015-06-24T11:09:34","guid":{"rendered":"http:\/\/ct-chemie.ch\/?product=cetefix-48-2"},"modified":"2026-01-27T17:54:36","modified_gmt":"2026-01-27T16:54:36","slug":"cetefix-48","status":"publish","type":"product","link":"https:\/\/www.ct-chemie.ch\/fr\/produit\/cetefix-48\/","title":{"rendered":"CeTeFix 480"},"content":{"rendered":"<p>Bande de b\u00e9ton avec texture, jaune et utilisable de mani\u00e8re multiple. Pour coller, prot\u00e9ger et fixer \u00e0 l\u2019int\u00e9rieur et l\u2019ext\u00e9rieur. Ne convient pas pour pierre naturelle.<\/p>\n<p>Dimensions:<br \/>\n48 mm, Pi\u00e8ce\u00a0\u00e0: 50 m, Carton\u00a0\u00e0: 24 pce<\/p>\n","protected":false},"excerpt":{"rendered":"<p>Bande de b\u00e9ton avec texture<\/p>\n","protected":false},"featured_media":34978,"comment_status":"closed","ping_status":"closed","template":"","meta":{"_acf_changed":false},"product_cat":[153],"product_tag":[],"class_list":{"0":"post-4469","1":"product","2":"type-product","3":"status-publish","4":"has-post-thumbnail","6":"product_cat-materiel-de-protection-categorie","8":"first","9":"instock","10":"taxable","11":"shipping-taxable","12":"purchasable","13":"product-type-variable"},"acf":[],"_links":{"self":[{"href":"https:\/\/www.ct-chemie.ch\/fr\/wp-json\/wp\/v2\/product\/4469","targetHints":{"allow":["GET"]}}],"collection":[{"href":"https:\/\/www.ct-chemie.ch\/fr\/wp-json\/wp\/v2\/product"}],"about":[{"href":"https:\/\/www.ct-chemie.ch\/fr\/wp-json\/wp\/v2\/types\/product"}],"replies":[{"embeddable":true,"href":"https:\/\/www.ct-chemie.ch\/fr\/wp-json\/wp\/v2\/comments?post=4469"}],"wp:featuredmedia":[{"embeddable":true,"href":"https:\/\/www.ct-chemie.ch\/fr\/wp-json\/wp\/v2\/media\/34978"}],"wp:attachment":[{"href":"https:\/\/www.ct-chemie.ch\/fr\/wp-json\/wp\/v2\/media?parent=4469"}],"wp:term":[{"taxonomy":"product_cat","embeddable":true,"href":"https:\/\/www.ct-chemie.ch\/fr\/wp-json\/wp\/v2\/product_cat?post=4469"},{"taxonomy":"product_tag","embeddable":true,"href":"https:\/\/www.ct-chemie.ch\/fr\/wp-json\/wp\/v2\/product_tag?post=4469"}],"curies":[{"name":"wp","href":"https:\/\/api.w.org\/{rel}","templated":true}]}}