{"id":4472,"date":"2015-06-24T13:12:48","date_gmt":"2015-06-24T11:12:48","guid":{"rendered":"http:\/\/ct-chemie.ch\/?product=cetefix-50-2"},"modified":"2026-01-27T17:59:07","modified_gmt":"2026-01-27T16:59:07","slug":"cetefix-500","status":"publish","type":"product","link":"https:\/\/www.ct-chemie.ch\/fr\/produit\/cetefix-500\/","title":{"rendered":"CeTeFix 500"},"content":{"rendered":"<p>Ruban de marquage avec surface lisse \u00e0 base de PVC doux, fort pouvoir adh\u00e9sive, imperm\u00e9able. R\u00e9sistant contre le lait du ciment et produit de nettoyage.<\/p>\n<p>Dimensions:<br \/>\n25 mm, Pi\u00e8ce \u00e0: 33 m, Carton \u00e0: 36 pce\u00a0<strong>jusqu\u2018\u00e0 \u00e9puisement des stocks<\/strong><br \/>\n50\u00a0mm, Pi\u00e8ce\u00a0\u00e0: 33\u00a0m, Carton\u00a0\u00e0: 18 pce<\/p>\n","protected":false},"excerpt":{"rendered":"<p>Ruban de marquage PVC souple , surface lisse<\/p>\n","protected":false},"featured_media":34981,"comment_status":"closed","ping_status":"closed","template":"","meta":{"_acf_changed":false},"product_cat":[153],"product_tag":[],"class_list":{"0":"post-4472","1":"product","2":"type-product","3":"status-publish","4":"has-post-thumbnail","6":"product_cat-materiel-de-protection-categorie","8":"first","9":"instock","10":"taxable","11":"shipping-taxable","12":"purchasable","13":"product-type-variable"},"acf":[],"_links":{"self":[{"href":"https:\/\/www.ct-chemie.ch\/fr\/wp-json\/wp\/v2\/product\/4472","targetHints":{"allow":["GET"]}}],"collection":[{"href":"https:\/\/www.ct-chemie.ch\/fr\/wp-json\/wp\/v2\/product"}],"about":[{"href":"https:\/\/www.ct-chemie.ch\/fr\/wp-json\/wp\/v2\/types\/product"}],"replies":[{"embeddable":true,"href":"https:\/\/www.ct-chemie.ch\/fr\/wp-json\/wp\/v2\/comments?post=4472"}],"wp:featuredmedia":[{"embeddable":true,"href":"https:\/\/www.ct-chemie.ch\/fr\/wp-json\/wp\/v2\/media\/34981"}],"wp:attachment":[{"href":"https:\/\/www.ct-chemie.ch\/fr\/wp-json\/wp\/v2\/media?parent=4472"}],"wp:term":[{"taxonomy":"product_cat","embeddable":true,"href":"https:\/\/www.ct-chemie.ch\/fr\/wp-json\/wp\/v2\/product_cat?post=4472"},{"taxonomy":"product_tag","embeddable":true,"href":"https:\/\/www.ct-chemie.ch\/fr\/wp-json\/wp\/v2\/product_tag?post=4472"}],"curies":[{"name":"wp","href":"https:\/\/api.w.org\/{rel}","templated":true}]}}