{"id":4505,"date":"2015-06-25T10:44:22","date_gmt":"2015-06-25T08:44:22","guid":{"rendered":"http:\/\/ct-chemie.ch\/?product=bellinzoni-mastice-2000-super-liquide-2"},"modified":"2024-11-18T12:40:28","modified_gmt":"2024-11-18T11:40:28","slug":"bellinzoni-mastice-2000-super-liquide","status":"publish","type":"product","link":"https:\/\/www.ct-chemie.ch\/fr\/produit\/bellinzoni-mastice-2000-super-liquide\/","title":{"rendered":"Bellinzoni Mastice 2000 super liquide"},"content":{"rendered":"<p class=\"p1\">Adh\u00e9sif extra fluide bi-composant \u00e0 base de polyester pour renfort ou remplissage \u00e0 durcissement rapide, colorable. Convient \u00e0 toutes les pierres naturelles et artificielles.<\/p>\n<p class=\"p1\">Conditionnement: Seau \u00e0 16,7 kg<\/p>\n<p class=\"p1\">Couleur: paglierino<\/p>\n","protected":false},"excerpt":{"rendered":"<p>Colle extra fluide bicomposant, sur la base de polyester, pour armer ou colmater \u00e0 la spatule<\/p>\n","protected":false},"featured_media":18141,"comment_status":"closed","ping_status":"closed","template":"","meta":{"_acf_changed":false},"product_cat":[142],"product_tag":[],"class_list":{"0":"post-4505","1":"product","2":"type-product","3":"status-publish","4":"has-post-thumbnail","6":"product_cat-polyester-categorie","8":"first","9":"instock","10":"taxable","11":"shipping-taxable","12":"purchasable","13":"product-type-simple"},"acf":[],"_links":{"self":[{"href":"https:\/\/www.ct-chemie.ch\/fr\/wp-json\/wp\/v2\/product\/4505","targetHints":{"allow":["GET"]}}],"collection":[{"href":"https:\/\/www.ct-chemie.ch\/fr\/wp-json\/wp\/v2\/product"}],"about":[{"href":"https:\/\/www.ct-chemie.ch\/fr\/wp-json\/wp\/v2\/types\/product"}],"replies":[{"embeddable":true,"href":"https:\/\/www.ct-chemie.ch\/fr\/wp-json\/wp\/v2\/comments?post=4505"}],"wp:featuredmedia":[{"embeddable":true,"href":"https:\/\/www.ct-chemie.ch\/fr\/wp-json\/wp\/v2\/media\/18141"}],"wp:attachment":[{"href":"https:\/\/www.ct-chemie.ch\/fr\/wp-json\/wp\/v2\/media?parent=4505"}],"wp:term":[{"taxonomy":"product_cat","embeddable":true,"href":"https:\/\/www.ct-chemie.ch\/fr\/wp-json\/wp\/v2\/product_cat?post=4505"},{"taxonomy":"product_tag","embeddable":true,"href":"https:\/\/www.ct-chemie.ch\/fr\/wp-json\/wp\/v2\/product_tag?post=4505"}],"curies":[{"name":"wp","href":"https:\/\/api.w.org\/{rel}","templated":true}]}}