{"id":4854,"date":"2015-06-29T07:52:10","date_gmt":"2015-06-29T05:52:10","guid":{"rendered":"http:\/\/ct-chemie.ch\/?product=bellinzoni-thassos-solide"},"modified":"2024-11-18T13:39:57","modified_gmt":"2024-11-18T12:39:57","slug":"bellinzoni-thassos-solide","status":"publish","type":"product","link":"https:\/\/www.ct-chemie.ch\/fr\/produit\/bellinzoni-thassos-solide\/","title":{"rendered":"Bellinzoni Thassos  solide"},"content":{"rendered":"<p class=\"p1\">Adh\u00e9sif bi-composant p\u00e2teux, sur base de polyester. Particuli\u00e8rement adapt\u00e9 aux types de marbre cristallin clair tels que Thassos, Naxos, Makrana, Bianco Carrara, etc. Durcit rapidement avec un durcisseur sp\u00e9cial liquide. Peut \u00eatre trait\u00e9 apr\u00e8s 4 heures.<\/p>\n<p>Pi\u00e8ce \u00e0: 750 ml<br \/>\nCarton \u00e0: 12 pce<\/p>\n<p>Couleur: blanch\u00e2tre<\/p>\n","protected":false},"excerpt":{"rendered":"<p>Colle bicomposant p\u00e2teux, sur la base du polyester, destin\u00e9 pour des ouvrages de marbre clair et cristallins<\/p>\n","protected":false},"featured_media":18114,"comment_status":"closed","ping_status":"closed","template":"","meta":{"_acf_changed":false},"product_cat":[142],"product_tag":[],"class_list":{"0":"post-4854","1":"product","2":"type-product","3":"status-publish","4":"has-post-thumbnail","6":"product_cat-polyester-categorie","8":"first","9":"instock","10":"taxable","11":"shipping-taxable","12":"purchasable","13":"product-type-simple"},"acf":[],"_links":{"self":[{"href":"https:\/\/www.ct-chemie.ch\/fr\/wp-json\/wp\/v2\/product\/4854","targetHints":{"allow":["GET"]}}],"collection":[{"href":"https:\/\/www.ct-chemie.ch\/fr\/wp-json\/wp\/v2\/product"}],"about":[{"href":"https:\/\/www.ct-chemie.ch\/fr\/wp-json\/wp\/v2\/types\/product"}],"replies":[{"embeddable":true,"href":"https:\/\/www.ct-chemie.ch\/fr\/wp-json\/wp\/v2\/comments?post=4854"}],"wp:featuredmedia":[{"embeddable":true,"href":"https:\/\/www.ct-chemie.ch\/fr\/wp-json\/wp\/v2\/media\/18114"}],"wp:attachment":[{"href":"https:\/\/www.ct-chemie.ch\/fr\/wp-json\/wp\/v2\/media?parent=4854"}],"wp:term":[{"taxonomy":"product_cat","embeddable":true,"href":"https:\/\/www.ct-chemie.ch\/fr\/wp-json\/wp\/v2\/product_cat?post=4854"},{"taxonomy":"product_tag","embeddable":true,"href":"https:\/\/www.ct-chemie.ch\/fr\/wp-json\/wp\/v2\/product_tag?post=4854"}],"curies":[{"name":"wp","href":"https:\/\/api.w.org\/{rel}","templated":true}]}}