{"id":4866,"date":"2015-06-29T07:57:38","date_gmt":"2015-06-29T05:57:38","guid":{"rendered":"http:\/\/ct-chemie.ch\/?product=bellinzoni-blitz-2"},"modified":"2025-04-06T11:38:54","modified_gmt":"2025-04-06T09:38:54","slug":"bellinzoni-blitz","status":"publish","type":"product","link":"https:\/\/www.ct-chemie.ch\/fr\/produit\/bellinzoni-blitz\/","title":{"rendered":"Bellinzoni Blitz"},"content":{"rendered":"<p class=\"p1\">Adh\u00e9sif bi-composant p\u00e2teux, sur base de l\u2019ester vinylique \u00e9poxy. Durcit rapidement et peut \u00eatre color\u00e9. Convient \u00e0 toutes les pierres naturelles et artificielles. Allie les qualit\u00e9s chimiques et m\u00e9caniques des r\u00e9sines \u00e9poxyde avec courte dur\u00e9e de durcissement des r\u00e9sines \u00e0 polyesters.<\/p>\n<p class=\"p1\">Conditionnement: Bo\u00eete \u00e0 750 ml<br \/>\nCarton \u00e0: 6 pce<\/p>\n","protected":false},"excerpt":{"rendered":"<p>Colle bicomposant p\u00e2teux, sur la base du polyester<\/p>\n","protected":false},"featured_media":18123,"comment_status":"closed","ping_status":"closed","template":"","meta":{"_acf_changed":false},"product_cat":[142],"product_tag":[],"class_list":{"0":"post-4866","1":"product","2":"type-product","3":"status-publish","4":"has-post-thumbnail","6":"product_cat-polyester-categorie","8":"first","9":"instock","10":"taxable","11":"shipping-taxable","12":"purchasable","13":"product-type-variable"},"acf":[],"_links":{"self":[{"href":"https:\/\/www.ct-chemie.ch\/fr\/wp-json\/wp\/v2\/product\/4866","targetHints":{"allow":["GET"]}}],"collection":[{"href":"https:\/\/www.ct-chemie.ch\/fr\/wp-json\/wp\/v2\/product"}],"about":[{"href":"https:\/\/www.ct-chemie.ch\/fr\/wp-json\/wp\/v2\/types\/product"}],"replies":[{"embeddable":true,"href":"https:\/\/www.ct-chemie.ch\/fr\/wp-json\/wp\/v2\/comments?post=4866"}],"wp:featuredmedia":[{"embeddable":true,"href":"https:\/\/www.ct-chemie.ch\/fr\/wp-json\/wp\/v2\/media\/18123"}],"wp:attachment":[{"href":"https:\/\/www.ct-chemie.ch\/fr\/wp-json\/wp\/v2\/media?parent=4866"}],"wp:term":[{"taxonomy":"product_cat","embeddable":true,"href":"https:\/\/www.ct-chemie.ch\/fr\/wp-json\/wp\/v2\/product_cat?post=4866"},{"taxonomy":"product_tag","embeddable":true,"href":"https:\/\/www.ct-chemie.ch\/fr\/wp-json\/wp\/v2\/product_tag?post=4866"}],"curies":[{"name":"wp","href":"https:\/\/api.w.org\/{rel}","templated":true}]}}