{"id":4882,"date":"2015-06-29T08:13:06","date_gmt":"2015-06-29T06:13:06","guid":{"rendered":"http:\/\/ct-chemie.ch\/?product=bellinzoni-colorfarbpasten"},"modified":"2025-05-13T11:16:00","modified_gmt":"2025-05-13T09:16:00","slug":"bellinzoni-color","status":"publish","type":"product","link":"https:\/\/www.ct-chemie.ch\/fr\/produit\/bellinzoni-color\/","title":{"rendered":"Bellinzoni Polybel"},"content":{"rendered":"<p class=\"p1\">Concentr\u00e9 de p\u00e2tes color\u00e9es pour tous les syst\u00e8mes adh\u00e9sifs polyester bi-composant. Les couleurs peuvent \u00eatre m\u00e9lang\u00e9es entre elles, ce qui permet des compositions de couleurs optimales. <i><\/i><\/p>\n<p>Pi\u00e8ce \u00e0: 40 g<\/p>\n","protected":false},"excerpt":{"rendered":"<p>Concentr\u00e9 de p\u00e2tes color\u00e9es pour tous les syst\u00e8mes adh\u00e9sifs polyester bi-composant<\/p>\n","protected":false},"featured_media":37316,"comment_status":"closed","ping_status":"closed","template":"","meta":{"_acf_changed":false},"product_cat":[142],"product_tag":[],"class_list":{"0":"post-4882","1":"product","2":"type-product","3":"status-publish","4":"has-post-thumbnail","6":"product_cat-polyester-categorie","8":"first","9":"instock","10":"taxable","11":"shipping-taxable","12":"purchasable","13":"product-type-variable"},"acf":[],"_links":{"self":[{"href":"https:\/\/www.ct-chemie.ch\/fr\/wp-json\/wp\/v2\/product\/4882","targetHints":{"allow":["GET"]}}],"collection":[{"href":"https:\/\/www.ct-chemie.ch\/fr\/wp-json\/wp\/v2\/product"}],"about":[{"href":"https:\/\/www.ct-chemie.ch\/fr\/wp-json\/wp\/v2\/types\/product"}],"replies":[{"embeddable":true,"href":"https:\/\/www.ct-chemie.ch\/fr\/wp-json\/wp\/v2\/comments?post=4882"}],"wp:featuredmedia":[{"embeddable":true,"href":"https:\/\/www.ct-chemie.ch\/fr\/wp-json\/wp\/v2\/media\/37316"}],"wp:attachment":[{"href":"https:\/\/www.ct-chemie.ch\/fr\/wp-json\/wp\/v2\/media?parent=4882"}],"wp:term":[{"taxonomy":"product_cat","embeddable":true,"href":"https:\/\/www.ct-chemie.ch\/fr\/wp-json\/wp\/v2\/product_cat?post=4882"},{"taxonomy":"product_tag","embeddable":true,"href":"https:\/\/www.ct-chemie.ch\/fr\/wp-json\/wp\/v2\/product_tag?post=4882"}],"curies":[{"name":"wp","href":"https:\/\/api.w.org\/{rel}","templated":true}]}}