{"id":4941,"date":"2015-06-29T09:33:25","date_gmt":"2015-06-29T07:33:25","guid":{"rendered":"http:\/\/ct-chemie.ch\/?product=bellinzoni-epox-express-2"},"modified":"2026-02-14T14:11:44","modified_gmt":"2026-02-14T13:11:44","slug":"bellinzoni-epox-express","status":"publish","type":"product","link":"https:\/\/www.ct-chemie.ch\/fr\/produit\/bellinzoni-epox-express\/","title":{"rendered":"Bellinzoni Epox Rapido"},"content":{"rendered":"<p class=\"p1\">Adh\u00e9sif bi-composante, p\u00e2teuse, transparente, l\u00e9g\u00e8rement flexible, bas\u00e9 sur la r\u00e9sine \u00e9poxydique avec une dur\u00e9e de durcissement acc\u00e9l\u00e9r\u00e9e. Pour le collage des diff\u00e9rents mat\u00e9riaux comme pierre naturelle et artificielle, lettre en bronze, acier, bois, PVC dur, polystyr\u00e8ne etc. Resistance initiale au plus t\u00f4t apr\u00e8s 15 minutes. Utilisable dans tous les domaines \u00e0 l\u2018int\u00e9rieur et l\u2018ext\u00e9rieur. Rapport de m\u00e9lange 1:1.<\/p>\n<p>Conditionnement: Cartouche \u00e0 50 ml avec 1 buse de m\u00e9lange<br \/>\nCarton \u00e0: 12 pce<\/p>\n","protected":false},"excerpt":{"rendered":"<p>Colle \u00e9poxy bicomposante, tr\u00e8s transparente, l\u00e9g\u00e8rement flexible \u00e0 durcissement rapide<\/p>\n","protected":false},"featured_media":34994,"comment_status":"closed","ping_status":"closed","template":"","meta":{"_acf_changed":false},"product_cat":[139],"product_tag":[],"class_list":{"0":"post-4941","1":"product","2":"type-product","3":"status-publish","4":"has-post-thumbnail","6":"product_cat-epoxyde-categorie","8":"first","9":"instock","10":"taxable","11":"shipping-taxable","12":"purchasable","13":"product-type-variable"},"acf":[],"_links":{"self":[{"href":"https:\/\/www.ct-chemie.ch\/fr\/wp-json\/wp\/v2\/product\/4941","targetHints":{"allow":["GET"]}}],"collection":[{"href":"https:\/\/www.ct-chemie.ch\/fr\/wp-json\/wp\/v2\/product"}],"about":[{"href":"https:\/\/www.ct-chemie.ch\/fr\/wp-json\/wp\/v2\/types\/product"}],"replies":[{"embeddable":true,"href":"https:\/\/www.ct-chemie.ch\/fr\/wp-json\/wp\/v2\/comments?post=4941"}],"wp:featuredmedia":[{"embeddable":true,"href":"https:\/\/www.ct-chemie.ch\/fr\/wp-json\/wp\/v2\/media\/34994"}],"wp:attachment":[{"href":"https:\/\/www.ct-chemie.ch\/fr\/wp-json\/wp\/v2\/media?parent=4941"}],"wp:term":[{"taxonomy":"product_cat","embeddable":true,"href":"https:\/\/www.ct-chemie.ch\/fr\/wp-json\/wp\/v2\/product_cat?post=4941"},{"taxonomy":"product_tag","embeddable":true,"href":"https:\/\/www.ct-chemie.ch\/fr\/wp-json\/wp\/v2\/product_tag?post=4941"}],"curies":[{"name":"wp","href":"https:\/\/api.w.org\/{rel}","templated":true}]}}