{"id":4946,"date":"2015-06-29T09:38:39","date_gmt":"2015-06-29T07:38:39","guid":{"rendered":"http:\/\/ct-chemie.ch\/?product=pistolets-2c"},"modified":"2026-01-27T17:18:35","modified_gmt":"2026-01-27T16:18:35","slug":"pistolets-2c","status":"publish","type":"product","link":"https:\/\/www.ct-chemie.ch\/fr\/produit\/pistolets-2c\/","title":{"rendered":"CeTe 200"},"content":{"rendered":"<p class=\"p1\">Pistolet sp\u00e9cial robuste pour cartouches bi-compasant de 200 \u2013 215 ml. Dosage pr\u00e9cis, \u00e9conomisant du temps et du mat\u00e9riel.<\/p>\n","protected":false},"excerpt":{"rendered":"<p>Pistolet sp\u00e9cial robuste pour cartouches bi-compasant de 200 \u2013 215 ml<\/p>\n","protected":false},"featured_media":18296,"comment_status":"closed","ping_status":"closed","template":"","meta":{"_acf_changed":false},"product_cat":[1592,148],"product_tag":[],"class_list":{"0":"post-4946","1":"product","2":"type-product","3":"status-publish","4":"has-post-thumbnail","6":"product_cat-privat","7":"product_cat-produits-speciaux-categorie","9":"first","10":"instock","11":"taxable","12":"shipping-taxable","13":"purchasable","14":"product-type-simple"},"acf":[],"_links":{"self":[{"href":"https:\/\/www.ct-chemie.ch\/fr\/wp-json\/wp\/v2\/product\/4946","targetHints":{"allow":["GET"]}}],"collection":[{"href":"https:\/\/www.ct-chemie.ch\/fr\/wp-json\/wp\/v2\/product"}],"about":[{"href":"https:\/\/www.ct-chemie.ch\/fr\/wp-json\/wp\/v2\/types\/product"}],"replies":[{"embeddable":true,"href":"https:\/\/www.ct-chemie.ch\/fr\/wp-json\/wp\/v2\/comments?post=4946"}],"wp:featuredmedia":[{"embeddable":true,"href":"https:\/\/www.ct-chemie.ch\/fr\/wp-json\/wp\/v2\/media\/18296"}],"wp:attachment":[{"href":"https:\/\/www.ct-chemie.ch\/fr\/wp-json\/wp\/v2\/media?parent=4946"}],"wp:term":[{"taxonomy":"product_cat","embeddable":true,"href":"https:\/\/www.ct-chemie.ch\/fr\/wp-json\/wp\/v2\/product_cat?post=4946"},{"taxonomy":"product_tag","embeddable":true,"href":"https:\/\/www.ct-chemie.ch\/fr\/wp-json\/wp\/v2\/product_tag?post=4946"}],"curies":[{"name":"wp","href":"https:\/\/api.w.org\/{rel}","templated":true}]}}