{"id":4980,"date":"2015-06-29T10:20:04","date_gmt":"2015-06-29T08:20:04","guid":{"rendered":"http:\/\/ct-chemie.ch\/?product=bellinzoni-epox-2000-solide"},"modified":"2025-08-19T08:00:18","modified_gmt":"2025-08-19T06:00:18","slug":"bellinzoni-epox-2000-solide","status":"publish","type":"product","link":"https:\/\/www.ct-chemie.ch\/fr\/produit\/bellinzoni-epox-2000-solide\/","title":{"rendered":"Bellinzoni Epox 2000 solide A+B"},"content":{"rendered":"<p class=\"p1\">Adh\u00e9sif bi-composante p\u00e2teuse, transparente, bas\u00e9 sur la r\u00e9sine \u00e9poxydique, forte r\u00e9sistance aux charges UV, convient pour toutes les pierres naturelles et artificielles. Utilisable dans tous les domaines \u00e0 l\u2018int\u00e9rieur et l\u2018ext\u00e9rieur.<\/p>\n<p class=\"p1\">Pi\u00e8ce \u00e0: 1,5 kg (1000 g Comp. A + 500 g Comp. B).<br \/>\nCarton \u00e0: 6 pce<\/p>\n","protected":false},"excerpt":{"rendered":"<p>Colle bi-composant p\u00e2teux, bas\u00e9 sur la r\u00e9sine \u00e9poxydique<\/p>\n","protected":false},"featured_media":2181,"comment_status":"closed","ping_status":"closed","template":"","meta":{"_acf_changed":false},"product_cat":[139],"product_tag":[],"class_list":{"0":"post-4980","1":"product","2":"type-product","3":"status-publish","4":"has-post-thumbnail","6":"product_cat-epoxyde-categorie","8":"first","9":"instock","10":"taxable","11":"shipping-taxable","12":"purchasable","13":"product-type-simple"},"acf":[],"_links":{"self":[{"href":"https:\/\/www.ct-chemie.ch\/fr\/wp-json\/wp\/v2\/product\/4980","targetHints":{"allow":["GET"]}}],"collection":[{"href":"https:\/\/www.ct-chemie.ch\/fr\/wp-json\/wp\/v2\/product"}],"about":[{"href":"https:\/\/www.ct-chemie.ch\/fr\/wp-json\/wp\/v2\/types\/product"}],"replies":[{"embeddable":true,"href":"https:\/\/www.ct-chemie.ch\/fr\/wp-json\/wp\/v2\/comments?post=4980"}],"wp:featuredmedia":[{"embeddable":true,"href":"https:\/\/www.ct-chemie.ch\/fr\/wp-json\/wp\/v2\/media\/2181"}],"wp:attachment":[{"href":"https:\/\/www.ct-chemie.ch\/fr\/wp-json\/wp\/v2\/media?parent=4980"}],"wp:term":[{"taxonomy":"product_cat","embeddable":true,"href":"https:\/\/www.ct-chemie.ch\/fr\/wp-json\/wp\/v2\/product_cat?post=4980"},{"taxonomy":"product_tag","embeddable":true,"href":"https:\/\/www.ct-chemie.ch\/fr\/wp-json\/wp\/v2\/product_tag?post=4980"}],"curies":[{"name":"wp","href":"https:\/\/api.w.org\/{rel}","templated":true}]}}