{"id":5016,"date":"2015-06-29T10:34:57","date_gmt":"2015-06-29T08:34:57","guid":{"rendered":"http:\/\/ct-chemie.ch\/?product=bellinzoni-epox-5000-liquide"},"modified":"2025-08-19T07:57:30","modified_gmt":"2025-08-19T05:57:30","slug":"bellinzoni-epox-5000-liquide","status":"publish","type":"product","link":"https:\/\/www.ct-chemie.ch\/fr\/produit\/bellinzoni-epox-5000-liquide\/","title":{"rendered":"Bellinzoni Epox Premium liquide A+B"},"content":{"rendered":"<p class=\"p1\">Adh\u00e9sif bi-composante liquide, transparente, bas\u00e9 sur la r\u00e9sine \u00e9poxydique, tr\u00e8s forte r\u00e9sistance aux charges UV, convient pour toutes les pierres naturelles et artificielles. Utilisable dans tous les domaines \u00e0 l\u2018int\u00e9rieur et l\u2018ext\u00e9rieur.<i><\/i><\/p>\n<p>Pi\u00e8ce \u00e0: 1,5 l (1 l Comp. A + 500 ml Comp. B).<br \/>\nCarton \u00e0: 6 pce<\/p>\n","protected":false},"excerpt":{"rendered":"<p>Colle bi-composant liquide, bas\u00e9 sur la r\u00e9sine \u00e9poxydique \u00e0 tr\u00e8s forte r\u00e9sistant aux charges UV<\/p>\n","protected":false},"featured_media":15030,"comment_status":"closed","ping_status":"closed","template":"","meta":{"_acf_changed":false},"product_cat":[139],"product_tag":[],"class_list":{"0":"post-5016","1":"product","2":"type-product","3":"status-publish","4":"has-post-thumbnail","6":"product_cat-epoxyde-categorie","8":"first","9":"instock","10":"taxable","11":"shipping-taxable","12":"purchasable","13":"product-type-simple"},"acf":[],"_links":{"self":[{"href":"https:\/\/www.ct-chemie.ch\/fr\/wp-json\/wp\/v2\/product\/5016","targetHints":{"allow":["GET"]}}],"collection":[{"href":"https:\/\/www.ct-chemie.ch\/fr\/wp-json\/wp\/v2\/product"}],"about":[{"href":"https:\/\/www.ct-chemie.ch\/fr\/wp-json\/wp\/v2\/types\/product"}],"replies":[{"embeddable":true,"href":"https:\/\/www.ct-chemie.ch\/fr\/wp-json\/wp\/v2\/comments?post=5016"}],"wp:featuredmedia":[{"embeddable":true,"href":"https:\/\/www.ct-chemie.ch\/fr\/wp-json\/wp\/v2\/media\/15030"}],"wp:attachment":[{"href":"https:\/\/www.ct-chemie.ch\/fr\/wp-json\/wp\/v2\/media?parent=5016"}],"wp:term":[{"taxonomy":"product_cat","embeddable":true,"href":"https:\/\/www.ct-chemie.ch\/fr\/wp-json\/wp\/v2\/product_cat?post=5016"},{"taxonomy":"product_tag","embeddable":true,"href":"https:\/\/www.ct-chemie.ch\/fr\/wp-json\/wp\/v2\/product_tag?post=5016"}],"curies":[{"name":"wp","href":"https:\/\/api.w.org\/{rel}","templated":true}]}}