{"id":5025,"date":"2015-06-29T10:44:29","date_gmt":"2015-06-29T08:44:29","guid":{"rendered":"http:\/\/ct-chemie.ch\/?product=bellinzoni-imprepox-1000-2"},"modified":"2025-08-19T08:06:45","modified_gmt":"2025-08-19T06:06:45","slug":"bellinzoni-imprepox","status":"publish","type":"product","link":"https:\/\/www.ct-chemie.ch\/fr\/produit\/bellinzoni-imprepox\/","title":{"rendered":"Bellinzoni Imprepox A+B"},"content":{"rendered":"<p class=\"p1\">Adh\u00e9sif bi-composant tr\u00e8s fin et tr\u00e8s transparent \u00e0 base de r\u00e9sine \u00e9poxy \u00e0 tr\u00e8s haute r\u00e9sistance aux charges UV. Convient pour remplir les micro-fissures et les ouvertures capillaires dans la pierre naturelle et artificielle ainsi que les fissures dans les sols en ciment. Utilisable dans tous les domains \u00e0 l\u2018int\u00e9rieur et l\u2018ext\u00e9rieur.<\/p>\n<p>Pi\u00e8ce \u00e0: 1,25 l (1 l Comp. A + 250 ml Comp. B)<br \/>\nCarton \u00e0: 6 pce<\/p>\n","protected":false},"excerpt":{"rendered":"<p>Adh\u00e9sif bi-composant tr\u00e8s fin et tr\u00e8s transparent \u00e0 base de r\u00e9sine \u00e9poxy \u00e0 tr\u00e8s haute r\u00e9sistance aux charges UV.<\/p>\n","protected":false},"featured_media":1836,"comment_status":"closed","ping_status":"closed","template":"","meta":{"_acf_changed":false},"product_cat":[139],"product_tag":[],"class_list":{"0":"post-5025","1":"product","2":"type-product","3":"status-publish","4":"has-post-thumbnail","6":"product_cat-epoxyde-categorie","8":"first","9":"instock","10":"taxable","11":"shipping-taxable","12":"purchasable","13":"product-type-simple"},"acf":[],"_links":{"self":[{"href":"https:\/\/www.ct-chemie.ch\/fr\/wp-json\/wp\/v2\/product\/5025","targetHints":{"allow":["GET"]}}],"collection":[{"href":"https:\/\/www.ct-chemie.ch\/fr\/wp-json\/wp\/v2\/product"}],"about":[{"href":"https:\/\/www.ct-chemie.ch\/fr\/wp-json\/wp\/v2\/types\/product"}],"replies":[{"embeddable":true,"href":"https:\/\/www.ct-chemie.ch\/fr\/wp-json\/wp\/v2\/comments?post=5025"}],"wp:featuredmedia":[{"embeddable":true,"href":"https:\/\/www.ct-chemie.ch\/fr\/wp-json\/wp\/v2\/media\/1836"}],"wp:attachment":[{"href":"https:\/\/www.ct-chemie.ch\/fr\/wp-json\/wp\/v2\/media?parent=5025"}],"wp:term":[{"taxonomy":"product_cat","embeddable":true,"href":"https:\/\/www.ct-chemie.ch\/fr\/wp-json\/wp\/v2\/product_cat?post=5025"},{"taxonomy":"product_tag","embeddable":true,"href":"https:\/\/www.ct-chemie.ch\/fr\/wp-json\/wp\/v2\/product_tag?post=5025"}],"curies":[{"name":"wp","href":"https:\/\/api.w.org\/{rel}","templated":true}]}}