{"id":5059,"date":"2015-06-30T07:22:23","date_gmt":"2015-06-30T05:22:23","guid":{"rendered":"http:\/\/ct-chemie.ch\/?product=bellinzoni-cire-a-polir-special"},"modified":"2024-10-02T11:48:32","modified_gmt":"2024-10-02T09:48:32","slug":"bellinzoni-cire-a-polir-special","status":"publish","type":"product","link":"https:\/\/www.ct-chemie.ch\/fr\/produit\/bellinzoni-cire-a-polir-special\/","title":{"rendered":"Bellinzoni Cire \u00e0 polir sp\u00e9cial"},"content":{"rendered":"<p>Concentre de cire pr\u00e9cieuse (p\u00e2te) dot\u00e9e d\u2019une force \u00e0 polir et de protection extraordinaire. P\u00e9n\u00e9tre profondement dans la pierre naturelle et artificielle. Cr\u00e9e par le polissage (paille de fer, feutre etc.) un lustre qui dure longtemps. Contient des solvants.<\/p>\n<p>Pi\u00e8ce\u00a0\u00e0: 750 g<br \/>\nCarton \u00e0: 15 pce<\/p>\n<p>&nbsp;<\/p>\n<p><iframe loading=\"lazy\" title=\"PREPRATO SPECIALE PASTA - PASTE WAX BELLINZONI\" width=\"980\" height=\"551\" src=\"https:\/\/www.youtube.com\/embed\/RVHIvbhDZM4?feature=oembed\" frameborder=\"0\" allow=\"accelerometer; autoplay; clipboard-write; encrypted-media; gyroscope; picture-in-picture; web-share\" referrerpolicy=\"strict-origin-when-cross-origin\" allowfullscreen><\/iframe><\/p>\n","protected":false},"excerpt":{"rendered":"<p>Concentr\u00e9 de cire pr\u00e9cieuse (p\u00e2te) dot\u00e9e d\u2019une force \u00e0 polir et de protection extraordinaire<\/p>\n","protected":false},"featured_media":21099,"comment_status":"closed","ping_status":"closed","template":"","meta":{"_acf_changed":false},"product_cat":[148],"product_tag":[],"class_list":{"0":"post-5059","1":"product","2":"type-product","3":"status-publish","4":"has-post-thumbnail","6":"product_cat-produits-speciaux-categorie","8":"first","9":"instock","10":"taxable","11":"shipping-taxable","12":"purchasable","13":"product-type-variable"},"acf":[],"_links":{"self":[{"href":"https:\/\/www.ct-chemie.ch\/fr\/wp-json\/wp\/v2\/product\/5059","targetHints":{"allow":["GET"]}}],"collection":[{"href":"https:\/\/www.ct-chemie.ch\/fr\/wp-json\/wp\/v2\/product"}],"about":[{"href":"https:\/\/www.ct-chemie.ch\/fr\/wp-json\/wp\/v2\/types\/product"}],"replies":[{"embeddable":true,"href":"https:\/\/www.ct-chemie.ch\/fr\/wp-json\/wp\/v2\/comments?post=5059"}],"wp:featuredmedia":[{"embeddable":true,"href":"https:\/\/www.ct-chemie.ch\/fr\/wp-json\/wp\/v2\/media\/21099"}],"wp:attachment":[{"href":"https:\/\/www.ct-chemie.ch\/fr\/wp-json\/wp\/v2\/media?parent=5059"}],"wp:term":[{"taxonomy":"product_cat","embeddable":true,"href":"https:\/\/www.ct-chemie.ch\/fr\/wp-json\/wp\/v2\/product_cat?post=5059"},{"taxonomy":"product_tag","embeddable":true,"href":"https:\/\/www.ct-chemie.ch\/fr\/wp-json\/wp\/v2\/product_tag?post=5059"}],"curies":[{"name":"wp","href":"https:\/\/api.w.org\/{rel}","templated":true}]}}