{"id":5112,"date":"2015-06-30T08:32:23","date_gmt":"2015-06-30T06:32:23","guid":{"rendered":"http:\/\/ct-chemie.ch\/?product=stoneprotect-2"},"modified":"2024-11-22T10:34:41","modified_gmt":"2024-11-22T09:34:41","slug":"stoneprotect","status":"publish","type":"product","link":"https:\/\/www.ct-chemie.ch\/fr\/produit\/stoneprotect\/","title":{"rendered":"StoneProtect"},"content":{"rendered":"<p class=\"p1\">Huile pour pierres \u00e0 base d\u2019huiles naturelles pour le traitement des pierres naturelles et limit\u00e9e aux pierres artificielles et dalles en ciment. Effet d\u2019approfondissement de la couleur. Forte r\u00e9sistance envers les agresseurs. N\u2018offre aucune difficult\u00e9 pour la sant\u00e9 et alimentaire. Contient des solvants v\u00e9g\u00e9taux. Convient uniquement pour l\u2019utilisation en int\u00e9rieur.<\/p>\n<p>Rendement: env. 10\u201380 m2\/l<\/p>\n","protected":false},"excerpt":{"rendered":"<p>Huile pour pierres \u00e0 base d\u2019huiles naturelles pour le traitement des pierres naturelles et artificielles et greniers en ciment<\/p>\n","protected":false},"featured_media":35008,"comment_status":"closed","ping_status":"closed","template":"","meta":{"_acf_changed":false},"product_cat":[148],"product_tag":[],"class_list":{"0":"post-5112","1":"product","2":"type-product","3":"status-publish","4":"has-post-thumbnail","6":"product_cat-produits-speciaux-categorie","8":"first","9":"instock","10":"taxable","11":"shipping-taxable","12":"purchasable","13":"product-type-variable"},"acf":[],"_links":{"self":[{"href":"https:\/\/www.ct-chemie.ch\/fr\/wp-json\/wp\/v2\/product\/5112","targetHints":{"allow":["GET"]}}],"collection":[{"href":"https:\/\/www.ct-chemie.ch\/fr\/wp-json\/wp\/v2\/product"}],"about":[{"href":"https:\/\/www.ct-chemie.ch\/fr\/wp-json\/wp\/v2\/types\/product"}],"replies":[{"embeddable":true,"href":"https:\/\/www.ct-chemie.ch\/fr\/wp-json\/wp\/v2\/comments?post=5112"}],"wp:featuredmedia":[{"embeddable":true,"href":"https:\/\/www.ct-chemie.ch\/fr\/wp-json\/wp\/v2\/media\/35008"}],"wp:attachment":[{"href":"https:\/\/www.ct-chemie.ch\/fr\/wp-json\/wp\/v2\/media?parent=5112"}],"wp:term":[{"taxonomy":"product_cat","embeddable":true,"href":"https:\/\/www.ct-chemie.ch\/fr\/wp-json\/wp\/v2\/product_cat?post=5112"},{"taxonomy":"product_tag","embeddable":true,"href":"https:\/\/www.ct-chemie.ch\/fr\/wp-json\/wp\/v2\/product_tag?post=5112"}],"curies":[{"name":"wp","href":"https:\/\/api.w.org\/{rel}","templated":true}]}}