{"id":5177,"date":"2015-06-30T11:07:04","date_gmt":"2015-06-30T09:07:04","guid":{"rendered":"http:\/\/ct-chemie.ch\/?product=bellinzoni-aq-proof-2"},"modified":"2025-04-06T11:36:26","modified_gmt":"2025-04-06T09:36:26","slug":"bellinzoni-aq-proof","status":"publish","type":"product","link":"https:\/\/www.ct-chemie.ch\/fr\/produit\/bellinzoni-aq-proof\/","title":{"rendered":"Bellinzoni AQ Proof"},"content":{"rendered":"<p>Impr\u00e9gnation hydro- et ol\u00e9ofuge \u00e0 base d\u2019eau pour pierre naturelle et artificielle clinker, b\u00e9ton, etc. Diminue l\u2019infiltration d\u2019eau, d\u2019huile, de graisse et de salissure. Utilisable dans tous les domaines \u00e0 l\u2019int\u00e9rieur et l\u2019ext\u00e9rieur.<\/p>\n<p>Pi\u00e8ce\u00a0\u00e0: 1 l<br \/>\nCarton \u00e0: 6 pce<\/p>\n<p>Pi\u00e8ce \u00e0: 5 l<br \/>\nCarton \u00e0: 2 pce<\/p>\n<p>Pi\u00e8ce \u00e0: 25 l<\/p>\n<p><iframe loading=\"lazy\" title=\"AQ PROOF ANTISTAIN NATURAL LOOK PRODUCT BELLINZONI\" width=\"980\" height=\"551\" src=\"https:\/\/www.youtube.com\/embed\/mN0cvTjftwI?feature=oembed\" frameborder=\"0\" allow=\"accelerometer; autoplay; clipboard-write; encrypted-media; gyroscope; picture-in-picture; web-share\" referrerpolicy=\"strict-origin-when-cross-origin\" allowfullscreen><\/iframe><\/p>\n","protected":false},"excerpt":{"rendered":"<p>Impr\u00e9gnation hydro- et ol\u00e9ofuge \u00e0 base d\u2019eau<\/p>\n","protected":false},"featured_media":34132,"comment_status":"closed","ping_status":"closed","template":"","meta":{"_acf_changed":false},"product_cat":[141],"product_tag":[],"class_list":{"0":"post-5177","1":"product","2":"type-product","3":"status-publish","4":"has-post-thumbnail","6":"product_cat-impregnations","8":"first","9":"instock","10":"taxable","11":"shipping-taxable","12":"purchasable","13":"product-type-variable"},"acf":[],"_links":{"self":[{"href":"https:\/\/www.ct-chemie.ch\/fr\/wp-json\/wp\/v2\/product\/5177","targetHints":{"allow":["GET"]}}],"collection":[{"href":"https:\/\/www.ct-chemie.ch\/fr\/wp-json\/wp\/v2\/product"}],"about":[{"href":"https:\/\/www.ct-chemie.ch\/fr\/wp-json\/wp\/v2\/types\/product"}],"replies":[{"embeddable":true,"href":"https:\/\/www.ct-chemie.ch\/fr\/wp-json\/wp\/v2\/comments?post=5177"}],"wp:featuredmedia":[{"embeddable":true,"href":"https:\/\/www.ct-chemie.ch\/fr\/wp-json\/wp\/v2\/media\/34132"}],"wp:attachment":[{"href":"https:\/\/www.ct-chemie.ch\/fr\/wp-json\/wp\/v2\/media?parent=5177"}],"wp:term":[{"taxonomy":"product_cat","embeddable":true,"href":"https:\/\/www.ct-chemie.ch\/fr\/wp-json\/wp\/v2\/product_cat?post=5177"},{"taxonomy":"product_tag","embeddable":true,"href":"https:\/\/www.ct-chemie.ch\/fr\/wp-json\/wp\/v2\/product_tag?post=5177"}],"curies":[{"name":"wp","href":"https:\/\/api.w.org\/{rel}","templated":true}]}}